{"id":243,"date":"2023-10-20T02:46:19","date_gmt":"2023-10-20T02:46:19","guid":{"rendered":"https:\/\/demo.bravisthemes.com\/immigway\/?page_id=243"},"modified":"2025-02-06T17:51:52","modified_gmt":"2025-02-06T14:51:52","slug":"blog","status":"publish","type":"page","link":"https:\/\/icsvisa.com\/en\/blog\/","title":{"rendered":"Blog"},"content":{"rendered":"<div data-elementor-type=\"wp-page\" data-elementor-id=\"243\" class=\"elementor elementor-243\">\n\t\t\t\t        <section class=\"elementor-section elementor-top-section elementor-element elementor-element-5dd3907 elementor-section-boxed elementor-section-height-default elementor-section-height-default pxl-row-scroll-none pxl-section-overflow-visible pxl-bg-color-none pxl-section-overlay-none\" data-id=\"5dd3907\" data-element_type=\"section\">\n\n                \n                <div class=\"elementor-container elementor-column-gap-default\">\n                <div class=\"elementor-column elementor-col-100 elementor-top-column elementor-element elementor-element-e716d08 pxl-column-none\" data-id=\"e716d08\" data-element_type=\"column\">\r\n        <div class=\"elementor-widget-wrap elementor-element-populated\">\r\n                     \r\n            \t\t<div class=\"elementor-element elementor-element-f352209 pxl-post-layout-post-2 elementor-widget elementor-widget-pxl_post_grid\" data-id=\"f352209\" data-element_type=\"widget\" data-widget_type=\"pxl_post_grid.default\">\n\t\t\t\t<div class=\"elementor-widget-container\">\n\t\t\t\t\t\n<div id=\"pxl_post_grid-f352209-8655\" class=\"pxl-grid pxl-blog-grid pxl-blog-grid-layout2 pxl-blog-style2 style-post-grid-2\" data-layout=\"masonry\" data-start-page=\"1\" data-max-pages=\"1\" data-total=\"3\" data-perpage=\"10\" data-next-link=\"\">\n    \n    <div class=\"pxl-grid-inner pxl-grid-masonry row\" data-gutter=\"15\">\n                    <div class=\"pxl-grid-item col-xl-4 col-lg-4 col-md-6 col-sm-12 col-12 blog\">\n                <div class=\"pxl-item--inner\" data-wow-duration=\"1.2s\">\n                                        <div class=\"pxl-item--featured\">\n                        <a href=\"https:\/\/icsvisa.com\/en\/avustralya-vize-basvurusu-nasil-yapilir\/\" style=\"background-image: url(https:\/\/icsvisa.com\/wp-content\/uploads\/2025\/02\/1-avustralya-vize-basvurusu-nasil-yapilir.jpg);\"><img fetchpriority=\"high\" decoding=\"async\" class=\"no-lazyload\" src=\"https:\/\/icsvisa.com\/wp-content\/uploads\/2025\/02\/1-avustralya-vize-basvurusu-nasil-yapilir-740x474.jpg\" width=\"740\" height=\"474\" alt=\"Close-up of woman giving her passport during hotel check-in.\" title=\"Close-up of tourist giving her passport while checking in at hotel reception.\" \/><\/a>\n                    <\/div>\n                                <div class=\"pxl-item--holder\">\n                                            <div class=\"pxl-item--meta\">\n                                                            <div class=\"pxl-item--date pxl-date--box pxl-r-0\">6 February 2025<\/div>\n                                                                                   \n                        <\/div>\n                                        <h5 class=\"pxl-item--title\"><a href=\"https:\/\/icsvisa.com\/en\/avustralya-vize-basvurusu-nasil-yapilir\/\">How to Apply for an Australian Visa?<\/a><\/h5>\n                                            <div class=\"pxl-item--content pxl-sz-content pxl-excerpt-line\" style=\"-webkit-line-clamp: 2;\">\n                            Australia is a dream destination for many people around the world, with its natural beauty, vibrant city life and high-quality educational institutions.                        <\/div>\n                                                                <div class=\"pxl-item--button\">\n                            <a class=\"btn--readmore\" href=\"https:\/\/icsvisa.com\/en\/avustralya-vize-basvurusu-nasil-yapilir\/\">\n                                <span class=\"btn-readmore--text\">View More<\/span>\n                                <span class=\"btn-readmore--icon pxl-ml-10\"><i class=\"flaticon-right-arrow-2 rtl-reverse\"><\/i><\/span>\n                            <\/a>\n                        <\/div>\n                                    <\/div>\n            <\/div>\n        <\/div>\n                    <div class=\"pxl-grid-item col-xl-4 col-lg-4 col-md-6 col-sm-12 col-12 blog\">\n                <div class=\"pxl-item--inner\" data-wow-duration=\"1.2s\">\n                                        <div class=\"pxl-item--featured\">\n                        <a href=\"https:\/\/icsvisa.com\/en\/avustralya-turist-vizesi-basvurusu-icin-istenen-evraklar\/\" style=\"background-image: url(https:\/\/icsvisa.com\/wp-content\/uploads\/2025\/02\/2-avustralya-turist-vizesi-basvurusu-icin-istenen-evraklar.jpg);\"><img decoding=\"async\" class=\"no-lazyload\" src=\"https:\/\/icsvisa.com\/wp-content\/uploads\/2025\/02\/2-avustralya-turist-vizesi-basvurusu-icin-istenen-evraklar-740x474.jpg\" width=\"740\" height=\"474\" alt=\"Close-up of woman giving her passport during hotel check-in.\" title=\"Close-up of tourist giving her passport while checking in at hotel reception.\" \/><\/a>\n                    <\/div>\n                                <div class=\"pxl-item--holder\">\n                                            <div class=\"pxl-item--meta\">\n                                                            <div class=\"pxl-item--date pxl-date--box pxl-r-0\">5 February 2025<\/div>\n                                                                                   \n                        <\/div>\n                                        <h5 class=\"pxl-item--title\"><a href=\"https:\/\/icsvisa.com\/en\/avustralya-turist-vizesi-basvurusu-icin-istenen-evraklar\/\">Documents Required for Australian Tourist Visa Application<\/a><\/h5>\n                                            <div class=\"pxl-item--content pxl-sz-content pxl-excerpt-line\" style=\"-webkit-line-clamp: 2;\">\n                            The Required Documents for the Australian Tourist Visa Application have been updated as of 2025 and it is of great importance that the applications are made completely and without errors.                        <\/div>\n                                                                <div class=\"pxl-item--button\">\n                            <a class=\"btn--readmore\" href=\"https:\/\/icsvisa.com\/en\/avustralya-turist-vizesi-basvurusu-icin-istenen-evraklar\/\">\n                                <span class=\"btn-readmore--text\">View More<\/span>\n                                <span class=\"btn-readmore--icon pxl-ml-10\"><i class=\"flaticon-right-arrow-2 rtl-reverse\"><\/i><\/span>\n                            <\/a>\n                        <\/div>\n                                    <\/div>\n            <\/div>\n        <\/div>\n                    <div class=\"pxl-grid-item col-xl-4 col-lg-4 col-md-6 col-sm-12 col-12 haberler\">\n                <div class=\"pxl-item--inner\" data-wow-duration=\"1.2s\">\n                                        <div class=\"pxl-item--featured\">\n                        <a href=\"https:\/\/icsvisa.com\/en\/2025-yili-pasaport-ve-harc-ucretleri\/\" style=\"background-image: url(https:\/\/icsvisa.com\/wp-content\/uploads\/2025\/02\/3-2025-yili-pasaport-ve-harc-ucretleri.jpeg);\"><img decoding=\"async\" class=\"no-lazyload\" src=\"https:\/\/icsvisa.com\/wp-content\/uploads\/2025\/02\/3-2025-yili-pasaport-ve-harc-ucretleri-740x474.jpeg\" width=\"740\" height=\"474\" alt=\"Close-up of woman giving her passport during hotel check-in.\" title=\"Close-up of tourist giving her passport while checking in at hotel reception.\" \/><\/a>\n                    <\/div>\n                                <div class=\"pxl-item--holder\">\n                                            <div class=\"pxl-item--meta\">\n                                                            <div class=\"pxl-item--date pxl-date--box pxl-r-0\">4 February 2025<\/div>\n                                                                                   \n                        <\/div>\n                                        <h5 class=\"pxl-item--title\"><a href=\"https:\/\/icsvisa.com\/en\/2025-yili-pasaport-ve-harc-ucretleri\/\">Passport and Fees for 2025<\/a><\/h5>\n                                            <div class=\"pxl-item--content pxl-sz-content pxl-excerpt-line\" style=\"-webkit-line-clamp: 2;\">\n                            Passport is an official document that replaces your identity when traveling abroad and represents your identity outside the country's borders. Passport types vary according to the rights granted.                        <\/div>\n                                                                <div class=\"pxl-item--button\">\n                            <a class=\"btn--readmore\" href=\"https:\/\/icsvisa.com\/en\/2025-yili-pasaport-ve-harc-ucretleri\/\">\n                                <span class=\"btn-readmore--text\">View More<\/span>\n                                <span class=\"btn-readmore--icon pxl-ml-10\"><i class=\"flaticon-right-arrow-2 rtl-reverse\"><\/i><\/span>\n                            <\/a>\n                        <\/div>\n                                    <\/div>\n            <\/div>\n        <\/div>\n                <div class=\"grid-sizer col-xl-4 col-lg-4 col-md-6 col-sm-12 col-12\"><\/div>\n    <\/div>\n            <div class=\"pxl-grid-pagination\" data-loadmore=\"{&quot;tax&quot;:[&quot;category&quot;],&quot;post_type&quot;:&quot;post&quot;,&quot;layout&quot;:&quot;post-2&quot;,&quot;startPage&quot;:1,&quot;maxPages&quot;:1,&quot;total&quot;:3,&quot;perpage&quot;:10,&quot;nextLink&quot;:&quot;&quot;,&quot;source&quot;:&quot;&quot;,&quot;orderby&quot;:&quot;date&quot;,&quot;order&quot;:&quot;desc&quot;,&quot;limit&quot;:10,&quot;post_ids&quot;:[],&quot;col_xl&quot;:4,&quot;col_lg&quot;:4,&quot;col_md&quot;:6,&quot;col_sm&quot;:12,&quot;col_xs&quot;:12,&quot;pagination_type&quot;:&quot;pagination&quot;,&quot;show_comment_count&quot;:&quot;&quot;,&quot;show_date&quot;:&quot;true&quot;,&quot;show_button&quot;:&quot;true&quot;,&quot;button_text&quot;:&quot;&quot;,&quot;show_excerpt&quot;:&quot;true&quot;,&quot;num_words&quot;:25,&quot;line_words&quot;:2,&quot;img_size&quot;:&quot;&quot;,&quot;grid_masonry&quot;:&quot;&quot;,&quot;pxl_animate&quot;:&quot;&quot;}\" data-query=\"{&quot;post_type&quot;:&quot;post&quot;,&quot;post_status&quot;:&quot;publish&quot;,&quot;posts_per_page&quot;:10,&quot;order&quot;:&quot;desc&quot;,&quot;orderby&quot;:&quot;date&quot;,&quot;tax_query&quot;:{&quot;relation&quot;:&quot;OR&quot;},&quot;post__not_in&quot;:[243]}\">\n                    <\/div>\n        <\/div>\t\t\t\t<\/div>\n\t\t\t\t<\/div>\n\t\t            <\/div>\r\n        <\/div>\r\n        \t\t\t<\/div>\n\t\t<\/section>\n\t\t\t\t<\/div>","protected":false},"excerpt":{"rendered":"<p>6 \u015eubat 2025 Kanada \u00d6\u011frenci Vizesi Nedir? Our business consulting programs helps to break the performance of your business down into customers and product groups so you know exactly View More 6 \u015eubat 2025 \u0130ngiltere \u00d6\u011frenci Vizesi Nedir? Our business consulting programs helps to break the performance of your business down into customers and product [&hellip;]<\/p>","protected":false},"author":1,"featured_media":0,"parent":0,"menu_order":0,"comment_status":"closed","ping_status":"closed","template":"","meta":{"footnotes":""},"class_list":["post-243","page","type-page","status-publish","hentry"],"yoast_head":"<!-- This site is optimized with the Yoast SEO plugin v24.6 - https:\/\/yoast.com\/wordpress\/plugins\/seo\/ -->\n<title>Blog - ICS VISA<\/title>\n<meta name=\"robots\" content=\"index, follow, max-snippet:-1, max-image-preview:large, max-video-preview:-1\" \/>\n<link rel=\"canonical\" href=\"https:\/\/icsvisa.com\/en\/blog\/\" \/>\n<meta property=\"og:locale\" content=\"en_US\" \/>\n<meta property=\"og:type\" content=\"article\" \/>\n<meta property=\"og:title\" content=\"Blog - ICS VISA\" \/>\n<meta property=\"og:description\" content=\"6 \u015eubat 2025 Kanada \u00d6\u011frenci Vizesi Nedir? Our business consulting programs helps to break the performance of your business down into customers and product groups so you know exactly View More 6 \u015eubat 2025 \u0130ngiltere \u00d6\u011frenci Vizesi Nedir? Our business consulting programs helps to break the performance of your business down into customers and product [&hellip;]\" \/>\n<meta property=\"og:url\" content=\"https:\/\/icsvisa.com\/en\/blog\/\" \/>\n<meta property=\"og:site_name\" content=\"ICS VISA\" \/>\n<meta property=\"article:modified_time\" content=\"2025-02-06T14:51:52+00:00\" \/>\n<meta property=\"og:image\" content=\"https:\/\/icsvisa.com\/wp-content\/uploads\/2023\/10\/Challanges-of-consultating-new-Business-Firms.jpg\" \/>\n<meta name=\"twitter:card\" content=\"summary_large_image\" \/>\n<meta name=\"twitter:label1\" content=\"Est. reading time\" \/>\n\t<meta name=\"twitter:data1\" content=\"1 minute\" \/>\n<script type=\"application\/ld+json\" class=\"yoast-schema-graph\">{\"@context\":\"https:\/\/schema.org\",\"@graph\":[{\"@type\":\"WebPage\",\"@id\":\"https:\/\/icsvisa.com\/blog\/\",\"url\":\"https:\/\/icsvisa.com\/blog\/\",\"name\":\"Blog - ICS VISA\",\"isPartOf\":{\"@id\":\"https:\/\/icsvisa.com\/#website\"},\"primaryImageOfPage\":{\"@id\":\"https:\/\/icsvisa.com\/blog\/#primaryimage\"},\"image\":{\"@id\":\"https:\/\/icsvisa.com\/blog\/#primaryimage\"},\"thumbnailUrl\":\"https:\/\/icsvisa.com\/wp-content\/uploads\/2023\/10\/Challanges-of-consultating-new-Business-Firms.jpg\",\"datePublished\":\"2023-10-20T02:46:19+00:00\",\"dateModified\":\"2025-02-06T14:51:52+00:00\",\"breadcrumb\":{\"@id\":\"https:\/\/icsvisa.com\/blog\/#breadcrumb\"},\"inLanguage\":\"en-US\",\"potentialAction\":[{\"@type\":\"ReadAction\",\"target\":[\"https:\/\/icsvisa.com\/blog\/\"]}]},{\"@type\":\"ImageObject\",\"inLanguage\":\"en-US\",\"@id\":\"https:\/\/icsvisa.com\/blog\/#primaryimage\",\"url\":\"https:\/\/icsvisa.com\/wp-content\/uploads\/2023\/10\/Challanges-of-consultating-new-Business-Firms.jpg\",\"contentUrl\":\"https:\/\/icsvisa.com\/wp-content\/uploads\/2023\/10\/Challanges-of-consultating-new-Business-Firms.jpg\"},{\"@type\":\"BreadcrumbList\",\"@id\":\"https:\/\/icsvisa.com\/blog\/#breadcrumb\",\"itemListElement\":[{\"@type\":\"ListItem\",\"position\":1,\"name\":\"Home\",\"item\":\"https:\/\/icsvisa.com\/\"},{\"@type\":\"ListItem\",\"position\":2,\"name\":\"Blog\"}]},{\"@type\":\"WebSite\",\"@id\":\"https:\/\/icsvisa.com\/#website\",\"url\":\"https:\/\/icsvisa.com\/\",\"name\":\"ICS VISA\",\"description\":\"Hayallerinizi \u015eimdi Ger\u00e7ekle\u015ftirin!\",\"publisher\":{\"@id\":\"https:\/\/icsvisa.com\/#organization\"},\"potentialAction\":[{\"@type\":\"SearchAction\",\"target\":{\"@type\":\"EntryPoint\",\"urlTemplate\":\"https:\/\/icsvisa.com\/?s={search_term_string}\"},\"query-input\":{\"@type\":\"PropertyValueSpecification\",\"valueRequired\":true,\"valueName\":\"search_term_string\"}}],\"inLanguage\":\"en-US\"},{\"@type\":\"Organization\",\"@id\":\"https:\/\/icsvisa.com\/#organization\",\"name\":\"ICS VISA\",\"url\":\"https:\/\/icsvisa.com\/\",\"logo\":{\"@type\":\"ImageObject\",\"inLanguage\":\"en-US\",\"@id\":\"https:\/\/icsvisa.com\/#\/schema\/logo\/image\/\",\"url\":\"https:\/\/icsvisa.com\/wp-content\/uploads\/2023\/11\/icsvisa-logo-1.png\",\"contentUrl\":\"https:\/\/icsvisa.com\/wp-content\/uploads\/2023\/11\/icsvisa-logo-1.png\",\"width\":1728,\"height\":545,\"caption\":\"ICS VISA\"},\"image\":{\"@id\":\"https:\/\/icsvisa.com\/#\/schema\/logo\/image\/\"}}]}<\/script>\n<!-- \/ Yoast SEO plugin. -->","yoast_head_json":{"title":"Blog - ICS VISA","robots":{"index":"index","follow":"follow","max-snippet":"max-snippet:-1","max-image-preview":"max-image-preview:large","max-video-preview":"max-video-preview:-1"},"canonical":"https:\/\/icsvisa.com\/en\/blog\/","og_locale":"en_US","og_type":"article","og_title":"Blog - ICS VISA","og_description":"6 \u015eubat 2025 Kanada \u00d6\u011frenci Vizesi Nedir? Our business consulting programs helps to break the performance of your business down into customers and product groups so you know exactly View More 6 \u015eubat 2025 \u0130ngiltere \u00d6\u011frenci Vizesi Nedir? Our business consulting programs helps to break the performance of your business down into customers and product [&hellip;]","og_url":"https:\/\/icsvisa.com\/en\/blog\/","og_site_name":"ICS VISA","article_modified_time":"2025-02-06T14:51:52+00:00","og_image":[{"url":"https:\/\/icsvisa.com\/wp-content\/uploads\/2023\/10\/Challanges-of-consultating-new-Business-Firms.jpg","type":"","width":"","height":""}],"twitter_card":"summary_large_image","twitter_misc":{"Est. reading time":"1 minute"},"schema":{"@context":"https:\/\/schema.org","@graph":[{"@type":"WebPage","@id":"https:\/\/icsvisa.com\/blog\/","url":"https:\/\/icsvisa.com\/blog\/","name":"Blog - ICS VISA","isPartOf":{"@id":"https:\/\/icsvisa.com\/#website"},"primaryImageOfPage":{"@id":"https:\/\/icsvisa.com\/blog\/#primaryimage"},"image":{"@id":"https:\/\/icsvisa.com\/blog\/#primaryimage"},"thumbnailUrl":"https:\/\/icsvisa.com\/wp-content\/uploads\/2023\/10\/Challanges-of-consultating-new-Business-Firms.jpg","datePublished":"2023-10-20T02:46:19+00:00","dateModified":"2025-02-06T14:51:52+00:00","breadcrumb":{"@id":"https:\/\/icsvisa.com\/blog\/#breadcrumb"},"inLanguage":"en-US","potentialAction":[{"@type":"ReadAction","target":["https:\/\/icsvisa.com\/blog\/"]}]},{"@type":"ImageObject","inLanguage":"en-US","@id":"https:\/\/icsvisa.com\/blog\/#primaryimage","url":"https:\/\/icsvisa.com\/wp-content\/uploads\/2023\/10\/Challanges-of-consultating-new-Business-Firms.jpg","contentUrl":"https:\/\/icsvisa.com\/wp-content\/uploads\/2023\/10\/Challanges-of-consultating-new-Business-Firms.jpg"},{"@type":"BreadcrumbList","@id":"https:\/\/icsvisa.com\/blog\/#breadcrumb","itemListElement":[{"@type":"ListItem","position":1,"name":"Home","item":"https:\/\/icsvisa.com\/"},{"@type":"ListItem","position":2,"name":"Blog"}]},{"@type":"WebSite","@id":"https:\/\/icsvisa.com\/#website","url":"https:\/\/icsvisa.com\/","name":"ICS VISA","description":"Hayallerinizi \u015eimdi Ger\u00e7ekle\u015ftirin!","publisher":{"@id":"https:\/\/icsvisa.com\/#organization"},"potentialAction":[{"@type":"SearchAction","target":{"@type":"EntryPoint","urlTemplate":"https:\/\/icsvisa.com\/?s={search_term_string}"},"query-input":{"@type":"PropertyValueSpecification","valueRequired":true,"valueName":"search_term_string"}}],"inLanguage":"en-US"},{"@type":"Organization","@id":"https:\/\/icsvisa.com\/#organization","name":"ICS VISA","url":"https:\/\/icsvisa.com\/","logo":{"@type":"ImageObject","inLanguage":"en-US","@id":"https:\/\/icsvisa.com\/#\/schema\/logo\/image\/","url":"https:\/\/icsvisa.com\/wp-content\/uploads\/2023\/11\/icsvisa-logo-1.png","contentUrl":"https:\/\/icsvisa.com\/wp-content\/uploads\/2023\/11\/icsvisa-logo-1.png","width":1728,"height":545,"caption":"ICS VISA"},"image":{"@id":"https:\/\/icsvisa.com\/#\/schema\/logo\/image\/"}}]}},"_links":{"self":[{"href":"https:\/\/icsvisa.com\/en\/wp-json\/wp\/v2\/pages\/243","targetHints":{"allow":["GET"]}}],"collection":[{"href":"https:\/\/icsvisa.com\/en\/wp-json\/wp\/v2\/pages"}],"about":[{"href":"https:\/\/icsvisa.com\/en\/wp-json\/wp\/v2\/types\/page"}],"author":[{"embeddable":true,"href":"https:\/\/icsvisa.com\/en\/wp-json\/wp\/v2\/users\/1"}],"replies":[{"embeddable":true,"href":"https:\/\/icsvisa.com\/en\/wp-json\/wp\/v2\/comments?post=243"}],"version-history":[{"count":8,"href":"https:\/\/icsvisa.com\/en\/wp-json\/wp\/v2\/pages\/243\/revisions"}],"predecessor-version":[{"id":4553,"href":"https:\/\/icsvisa.com\/en\/wp-json\/wp\/v2\/pages\/243\/revisions\/4553"}],"wp:attachment":[{"href":"https:\/\/icsvisa.com\/en\/wp-json\/wp\/v2\/media?parent=243"}],"curies":[{"name":"wp","href":"https:\/\/api.w.org\/{rel}","templated":true}]}}