{"id":251,"date":"2023-10-20T02:48:14","date_gmt":"2023-10-20T02:48:14","guid":{"rendered":"https:\/\/demo.bravisthemes.com\/immigway\/?page_id=251"},"modified":"2025-02-07T01:24:32","modified_gmt":"2025-02-06T22:24:32","slug":"sik-sorulan-sorular","status":"publish","type":"page","link":"https:\/\/icsvisa.com\/en\/sik-sorulan-sorular\/","title":{"rendered":"Frequently Asked Questions"},"content":{"rendered":"<div data-elementor-type=\"wp-page\" data-elementor-id=\"251\" class=\"elementor elementor-251\">\n\t\t\t\t        <section class=\"elementor-section elementor-top-section elementor-element elementor-element-8758114 elementor-section-stretched elementor-section-boxed elementor-section-height-default elementor-section-height-default pxl-row-scroll-none pxl-section-overflow-visible pxl-bg-color-none pxl-section-overlay-none\" data-id=\"8758114\" data-element_type=\"section\" data-settings=\"{&quot;stretch_section&quot;:&quot;section-stretched&quot;}\">\n\n                \n                <div class=\"elementor-container elementor-column-gap-extended\">\n                <div class=\"elementor-column elementor-col-100 elementor-top-column elementor-element elementor-element-4a9b886 pxl-column-none\" data-id=\"4a9b886\" data-element_type=\"column\">\r\n        <div class=\"elementor-widget-wrap elementor-element-populated\">\r\n                     \r\n            \t\t<div class=\"elementor-element elementor-element-1b4e20b elementor-widget elementor-widget-pxl_accordion\" data-id=\"1b4e20b\" data-element_type=\"widget\" data-widget_type=\"pxl_accordion.default\">\n\t\t\t\t<div class=\"elementor-widget-container\">\n\t\t\t\t\t    <div class=\"pxl-accordion-wrap\">\r\n        <div class=\"pxl-accordion pxl-accordion1 style1\" data-wow-delay=\"ms\">\r\n                            <div class=\"pxl--item active\">\r\n                    <h5 class=\"pxl-item--title\" data-target=\"#pxl_accordion-1b4e20b-7580-5a18e45\">\r\n                                        <span class=\"pxl-title--text\">Q1. How can I make an appointment with ICS VISA?<\/span>\r\n                    <i class=\"pxl-icon--plus\"><\/i>                    <\/h5>\r\n                    <div id=\"pxl_accordion-1b4e20b-7580-5a18e45\" class=\"pxl-item--content\" style=\"display: block;\">You can quickly make an appointment by filling out the \"Make an Appointment\" form on our website or by calling us. The most suitable date and time for you will be planned according to your request.<\/div>\r\n                <\/div>\r\n                            <div class=\"pxl--item\">\r\n                    <h5 class=\"pxl-item--title\" data-target=\"#pxl_accordion-1b4e20b-7580-1cfef80\">\r\n                                        <span class=\"pxl-title--text\">Q2. Can I cancel or postpone my appointment?<\/span>\r\n                    <i class=\"pxl-icon--plus\"><\/i>                    <\/h5>\r\n                    <div id=\"pxl_accordion-1b4e20b-7580-1cfef80\" class=\"pxl-item--content\" >Yes. You can cancel or reschedule your appointment based on your availability. Please contact us at least 24 hours in advance.<\/div>\r\n                <\/div>\r\n                            <div class=\"pxl--item\">\r\n                    <h5 class=\"pxl-item--title\" data-target=\"#pxl_accordion-1b4e20b-7580-e65c614\">\r\n                                        <span class=\"pxl-title--text\">Q3. What documents may be required during the appointment?<\/span>\r\n                    <i class=\"pxl-icon--plus\"><\/i>                    <\/h5>\r\n                    <div id=\"pxl_accordion-1b4e20b-7580-e65c614\" class=\"pxl-item--content\" >During visa or education consultancy processes, you need to have basic documents such as ID, passport and application form with you. We will inform you about other required documents before the appointment.<\/div>\r\n                <\/div>\r\n                            <div class=\"pxl--item\">\r\n                    <h5 class=\"pxl-item--title\" data-target=\"#pxl_accordion-1b4e20b-7580-979156d\">\r\n                                        <span class=\"pxl-title--text\">Q4. Is there an appointment fee?<\/span>\r\n                    <i class=\"pxl-icon--plus\"><\/i>                    <\/h5>\r\n                    <div id=\"pxl_accordion-1b4e20b-7580-979156d\" class=\"pxl-item--content\" >Our first consultancy meeting is free of charge. Detailed information about pricing according to the service you need will be provided to you during the meeting.<\/div>\r\n                <\/div>\r\n                            <div class=\"pxl--item\">\r\n                    <h5 class=\"pxl-item--title\" data-target=\"#pxl_accordion-1b4e20b-7580-335b406\">\r\n                                        <span class=\"pxl-title--text\">Q5. Ofisinize gelemiyorum, dan\u0131\u015fmanl\u0131k hizmetini online alabilir miyim?<\/span>\r\n                    <i class=\"pxl-icon--plus\"><\/i>                    <\/h5>\r\n                    <div id=\"pxl_accordion-1b4e20b-7580-335b406\" class=\"pxl-item--content\" >Elbette! ICS VISA olarak, d\u00fcnyan\u0131n her yerindeki dan\u0131\u015fanlar\u0131m\u0131za online platformlar \u00fczerinden hizmet veriyoruz. \u0130htiyac\u0131n\u0131z olan t\u00fcm s\u00fcreci e-posta, telefon veya g\u00f6r\u00fcnt\u00fcl\u00fc g\u00f6r\u00fc\u015fme ile rahatl\u0131kla y\u00f6netebilirsiniz.<\/div>\r\n                <\/div>\r\n                    <\/div>\r\n            <\/div>\r\n\t\t\t\t<\/div>\n\t\t\t\t<\/div>\n\t\t            <\/div>\r\n        <\/div>\r\n        \t\t\t<\/div>\n\t\t<\/section>\n\t\t        <section class=\"elementor-section elementor-top-section elementor-element elementor-element-40f7132 elementor-section-stretched elementor-section-boxed elementor-section-height-default elementor-section-height-default pxl-row-scroll-none pxl-section-overflow-visible pxl-bg-color-none pxl-section-overlay-none\" data-id=\"40f7132\" data-element_type=\"section\" data-settings=\"{&quot;stretch_section&quot;:&quot;section-stretched&quot;}\">\n\n                \n                <div class=\"elementor-container elementor-column-gap-extended\">\n                <div class=\"elementor-column elementor-col-100 elementor-top-column elementor-element elementor-element-a94122a pxl-column-none\" data-id=\"a94122a\" data-element_type=\"column\" data-settings=\"{&quot;background_background&quot;:&quot;classic&quot;}\">\r\n        <div class=\"elementor-widget-wrap elementor-element-populated\">\r\n                                <div class=\"elementor-background-overlay\"><\/div>\r\n         \r\n        \t\t<div class=\"elementor-element elementor-element-776177b elementor-widget elementor-widget-pxl_heading\" data-id=\"776177b\" data-element_type=\"widget\" data-widget_type=\"pxl_heading.default\">\n\t\t\t\t<div class=\"elementor-widget-container\">\n\t\t\t\t\t<div id=\"pxl-pxl_heading-776177b-9427\" class=\"pxl-heading px-sub-title-default-style\">\n\t<div class=\"pxl-heading--inner\">\n\t\t\n\t\t\n\t\t<h1 class=\"pxl-item--title\" data-wow-delay=\"ms\">\n\t\tSorunuz Mu Var? Bizlere Ula\u015f\u0131n\t\t\n\t\t<\/h1>\n\n\t\t\n\t\t\n\t\t\t\t\t\t\t\t\n\t<\/div>\n<\/div>\t\t\t\t<\/div>\n\t\t\t\t<\/div>\n\t\t\t\t<div class=\"elementor-element elementor-element-0887c60 elementor-widget elementor-widget-pxl_contact_form\" data-id=\"0887c60\" data-element_type=\"widget\" data-widget_type=\"pxl_contact_form.default\">\n\t\t\t\t<div class=\"elementor-widget-container\">\n\t\t\t\t\t    <div class=\"pxl-contact-form pxl-contact-form1 btn-w-auto\" data-wow-delay=\"ms\">\r\n        \n<div class=\"wpcf7 no-js\" id=\"wpcf7-f1068-o1\" lang=\"en-US\" dir=\"ltr\" data-wpcf7-id=\"1068\">\n<div class=\"screen-reader-response\"><p role=\"status\" aria-live=\"polite\" aria-atomic=\"true\"><\/p> <ul><\/ul><\/div>\n<form action=\"\/en\/wp-json\/wp\/v2\/pages\/251#wpcf7-f1068-o1\" method=\"post\" class=\"wpcf7-form init\" aria-label=\"Contact form\" novalidate=\"novalidate\" data-status=\"init\" data-trp-original-action=\"\/en\/wp-json\/wp\/v2\/pages\/251#wpcf7-f1068-o1\">\n<div style=\"display: none;\">\n<input type=\"hidden\" name=\"_wpcf7\" value=\"1068\" \/>\n<input type=\"hidden\" name=\"_wpcf7_version\" value=\"6.0.2\" \/>\n<input type=\"hidden\" name=\"_wpcf7_locale\" value=\"en_US\" \/>\n<input type=\"hidden\" name=\"_wpcf7_unit_tag\" value=\"wpcf7-f1068-o1\" \/>\n<input type=\"hidden\" name=\"_wpcf7_container_post\" value=\"0\" \/>\n<input type=\"hidden\" name=\"_wpcf7_posted_data_hash\" value=\"\" \/>\n<\/div>\n<div class=\"row\">\n\t<div class=\"col-lg-4 col-md-4 col-sm-12\">\n\t\t<div class=\"pxl--item\">\n\t\t\t<p><span class=\"wpcf7-form-control-wrap\" data-name=\"your-name\"><input size=\"40\" maxlength=\"400\" class=\"wpcf7-form-control wpcf7-text wpcf7-validates-as-required\" aria-required=\"true\" aria-invalid=\"false\" placeholder=\"Name Surname\" value=\"\" type=\"text\" name=\"your-name\" \/><\/span>\n\t\t\t<\/p>\n\t\t<\/div>\n\t<\/div>\n\t<div class=\"col-lg-4 col-md-4 col-sm-12\">\n\t\t<div class=\"pxl--item\">\n\t\t\t<p><span class=\"wpcf7-form-control-wrap\" data-name=\"your-phone\"><input size=\"40\" maxlength=\"400\" class=\"wpcf7-form-control wpcf7-text wpcf7-validates-as-required\" aria-required=\"true\" aria-invalid=\"false\" placeholder=\"Telefon No\" value=\"\" type=\"text\" name=\"your-phone\" \/><\/span>\n\t\t\t<\/p>\n\t\t<\/div>\n\t<\/div>\n\t<div class=\"col-lg-4 col-md-4 col-sm-12\">\n\t\t<div class=\"pxl--item\">\n\t\t\t<p><span class=\"wpcf7-form-control-wrap\" data-name=\"your-email\"><input size=\"40\" maxlength=\"400\" class=\"wpcf7-form-control wpcf7-email wpcf7-validates-as-required wpcf7-text wpcf7-validates-as-email\" aria-required=\"true\" aria-invalid=\"false\" placeholder=\"E-mail Adresi\" value=\"\" type=\"email\" name=\"your-email\" \/><\/span>\n\t\t\t<\/p>\n\t\t<\/div>\n\t<\/div>\n<\/div>\n<div class=\"pxl--item\">\n\t<p><span class=\"wpcf7-form-control-wrap\" data-name=\"your-message\"><textarea cols=\"40\" rows=\"10\" maxlength=\"2000\" class=\"wpcf7-form-control wpcf7-textarea wpcf7-validates-as-required\" aria-required=\"true\" aria-invalid=\"false\" placeholder=\"Sorunuz\" name=\"your-message\"><\/textarea><\/span>\n\t<\/p>\n<\/div>\n<div class=\"pxl--item\">\n\t<p><button type=\"submit\" class=\"wpcf7-submit btn btn-skew\"><span>Send<\/span><\/button>\n\t<\/p>\n<\/div><div class=\"wpcf7-response-output\" aria-hidden=\"true\"><\/div>\n<input type=\"hidden\" name=\"trp-form-language\" value=\"en\"\/><\/form>\n<\/div>\n    <\/div>\r\n\t\t\t\t<\/div>\n\t\t\t\t<\/div>\n\t\t            <\/div>\r\n        <\/div>\r\n        \t\t\t<\/div>\n\t\t<\/section>\n\t\t\t\t<\/div>","protected":false},"excerpt":{"rendered":"<p>Q1. ICS VISA\u2019dan nas\u0131l randevu alabilirim? Web sitemizdeki \u201cRandevu Al\u201d formunu doldurarak veya telefonla bizi arayarak h\u0131zl\u0131ca randevu olu\u015fturabilirsiniz. Talebiniz do\u011frultusunda size en uygun tarih ve saat planlan\u0131r. Q2. Randevumu iptal veya erteleyebilir miyim? Evet. M\u00fcsaitlik durumunuza g\u00f6re randevunuzu iptal edebilir veya yeniden planlayabilirsiniz. Bunun i\u00e7in l\u00fctfen en az 24 saat \u00f6nceden bizimle ileti\u015fime ge\u00e7in. [&hellip;]<\/p>","protected":false},"author":1,"featured_media":0,"parent":0,"menu_order":0,"comment_status":"closed","ping_status":"closed","template":"","meta":{"footnotes":""},"class_list":["post-251","page","type-page","status-publish","hentry"],"yoast_head":"<!-- This site is optimized with the Yoast SEO plugin v24.6 - https:\/\/yoast.com\/wordpress\/plugins\/seo\/ -->\n<title>S\u0131k Sorulan Sorular - ICS VISA<\/title>\n<meta name=\"robots\" content=\"index, follow, max-snippet:-1, max-image-preview:large, max-video-preview:-1\" \/>\n<link rel=\"canonical\" href=\"https:\/\/icsvisa.com\/en\/sik-sorulan-sorular\/\" \/>\n<meta property=\"og:locale\" content=\"en_US\" \/>\n<meta property=\"og:type\" content=\"article\" \/>\n<meta property=\"og:title\" content=\"S\u0131k Sorulan Sorular - ICS VISA\" \/>\n<meta property=\"og:description\" content=\"Q1. ICS VISA\u2019dan nas\u0131l randevu alabilirim? Web sitemizdeki \u201cRandevu Al\u201d formunu doldurarak veya telefonla bizi arayarak h\u0131zl\u0131ca randevu olu\u015fturabilirsiniz. Talebiniz do\u011frultusunda size en uygun tarih ve saat planlan\u0131r. Q2. Randevumu iptal veya erteleyebilir miyim? Evet. M\u00fcsaitlik durumunuza g\u00f6re randevunuzu iptal edebilir veya yeniden planlayabilirsiniz. Bunun i\u00e7in l\u00fctfen en az 24 saat \u00f6nceden bizimle ileti\u015fime ge\u00e7in. [&hellip;]\" \/>\n<meta property=\"og:url\" content=\"https:\/\/icsvisa.com\/en\/sik-sorulan-sorular\/\" \/>\n<meta property=\"og:site_name\" content=\"ICS VISA\" \/>\n<meta property=\"article:modified_time\" content=\"2025-02-06T22:24:32+00:00\" \/>\n<meta name=\"twitter:card\" content=\"summary_large_image\" \/>\n<meta name=\"twitter:label1\" content=\"Est. reading time\" \/>\n\t<meta name=\"twitter:data1\" content=\"1 minute\" \/>\n<script type=\"application\/ld+json\" class=\"yoast-schema-graph\">{\"@context\":\"https:\/\/schema.org\",\"@graph\":[{\"@type\":\"WebPage\",\"@id\":\"https:\/\/icsvisa.com\/sik-sorulan-sorular\/\",\"url\":\"https:\/\/icsvisa.com\/sik-sorulan-sorular\/\",\"name\":\"S\u0131k Sorulan Sorular - ICS VISA\",\"isPartOf\":{\"@id\":\"https:\/\/icsvisa.com\/#website\"},\"datePublished\":\"2023-10-20T02:48:14+00:00\",\"dateModified\":\"2025-02-06T22:24:32+00:00\",\"breadcrumb\":{\"@id\":\"https:\/\/icsvisa.com\/sik-sorulan-sorular\/#breadcrumb\"},\"inLanguage\":\"en-US\",\"potentialAction\":[{\"@type\":\"ReadAction\",\"target\":[\"https:\/\/icsvisa.com\/sik-sorulan-sorular\/\"]}]},{\"@type\":\"BreadcrumbList\",\"@id\":\"https:\/\/icsvisa.com\/sik-sorulan-sorular\/#breadcrumb\",\"itemListElement\":[{\"@type\":\"ListItem\",\"position\":1,\"name\":\"Home\",\"item\":\"https:\/\/icsvisa.com\/\"},{\"@type\":\"ListItem\",\"position\":2,\"name\":\"S\u0131k Sorulan Sorular\"}]},{\"@type\":\"WebSite\",\"@id\":\"https:\/\/icsvisa.com\/#website\",\"url\":\"https:\/\/icsvisa.com\/\",\"name\":\"ICS VISA\",\"description\":\"Hayallerinizi \u015eimdi Ger\u00e7ekle\u015ftirin!\",\"publisher\":{\"@id\":\"https:\/\/icsvisa.com\/#organization\"},\"potentialAction\":[{\"@type\":\"SearchAction\",\"target\":{\"@type\":\"EntryPoint\",\"urlTemplate\":\"https:\/\/icsvisa.com\/?s={search_term_string}\"},\"query-input\":{\"@type\":\"PropertyValueSpecification\",\"valueRequired\":true,\"valueName\":\"search_term_string\"}}],\"inLanguage\":\"en-US\"},{\"@type\":\"Organization\",\"@id\":\"https:\/\/icsvisa.com\/#organization\",\"name\":\"ICS VISA\",\"url\":\"https:\/\/icsvisa.com\/\",\"logo\":{\"@type\":\"ImageObject\",\"inLanguage\":\"en-US\",\"@id\":\"https:\/\/icsvisa.com\/#\/schema\/logo\/image\/\",\"url\":\"https:\/\/icsvisa.com\/wp-content\/uploads\/2023\/11\/icsvisa-logo-1.png\",\"contentUrl\":\"https:\/\/icsvisa.com\/wp-content\/uploads\/2023\/11\/icsvisa-logo-1.png\",\"width\":1728,\"height\":545,\"caption\":\"ICS VISA\"},\"image\":{\"@id\":\"https:\/\/icsvisa.com\/#\/schema\/logo\/image\/\"}}]}<\/script>\n<!-- \/ Yoast SEO plugin. -->","yoast_head_json":{"title":"S\u0131k Sorulan Sorular - ICS VISA","robots":{"index":"index","follow":"follow","max-snippet":"max-snippet:-1","max-image-preview":"max-image-preview:large","max-video-preview":"max-video-preview:-1"},"canonical":"https:\/\/icsvisa.com\/en\/sik-sorulan-sorular\/","og_locale":"en_US","og_type":"article","og_title":"S\u0131k Sorulan Sorular - ICS VISA","og_description":"Q1. ICS VISA\u2019dan nas\u0131l randevu alabilirim? Web sitemizdeki \u201cRandevu Al\u201d formunu doldurarak veya telefonla bizi arayarak h\u0131zl\u0131ca randevu olu\u015fturabilirsiniz. Talebiniz do\u011frultusunda size en uygun tarih ve saat planlan\u0131r. Q2. Randevumu iptal veya erteleyebilir miyim? Evet. M\u00fcsaitlik durumunuza g\u00f6re randevunuzu iptal edebilir veya yeniden planlayabilirsiniz. Bunun i\u00e7in l\u00fctfen en az 24 saat \u00f6nceden bizimle ileti\u015fime ge\u00e7in. [&hellip;]","og_url":"https:\/\/icsvisa.com\/en\/sik-sorulan-sorular\/","og_site_name":"ICS VISA","article_modified_time":"2025-02-06T22:24:32+00:00","twitter_card":"summary_large_image","twitter_misc":{"Est. reading time":"1 minute"},"schema":{"@context":"https:\/\/schema.org","@graph":[{"@type":"WebPage","@id":"https:\/\/icsvisa.com\/sik-sorulan-sorular\/","url":"https:\/\/icsvisa.com\/sik-sorulan-sorular\/","name":"S\u0131k Sorulan Sorular - ICS VISA","isPartOf":{"@id":"https:\/\/icsvisa.com\/#website"},"datePublished":"2023-10-20T02:48:14+00:00","dateModified":"2025-02-06T22:24:32+00:00","breadcrumb":{"@id":"https:\/\/icsvisa.com\/sik-sorulan-sorular\/#breadcrumb"},"inLanguage":"en-US","potentialAction":[{"@type":"ReadAction","target":["https:\/\/icsvisa.com\/sik-sorulan-sorular\/"]}]},{"@type":"BreadcrumbList","@id":"https:\/\/icsvisa.com\/sik-sorulan-sorular\/#breadcrumb","itemListElement":[{"@type":"ListItem","position":1,"name":"Home","item":"https:\/\/icsvisa.com\/"},{"@type":"ListItem","position":2,"name":"S\u0131k Sorulan Sorular"}]},{"@type":"WebSite","@id":"https:\/\/icsvisa.com\/#website","url":"https:\/\/icsvisa.com\/","name":"ICS VISA","description":"Hayallerinizi \u015eimdi Ger\u00e7ekle\u015ftirin!","publisher":{"@id":"https:\/\/icsvisa.com\/#organization"},"potentialAction":[{"@type":"SearchAction","target":{"@type":"EntryPoint","urlTemplate":"https:\/\/icsvisa.com\/?s={search_term_string}"},"query-input":{"@type":"PropertyValueSpecification","valueRequired":true,"valueName":"search_term_string"}}],"inLanguage":"en-US"},{"@type":"Organization","@id":"https:\/\/icsvisa.com\/#organization","name":"ICS VISA","url":"https:\/\/icsvisa.com\/","logo":{"@type":"ImageObject","inLanguage":"en-US","@id":"https:\/\/icsvisa.com\/#\/schema\/logo\/image\/","url":"https:\/\/icsvisa.com\/wp-content\/uploads\/2023\/11\/icsvisa-logo-1.png","contentUrl":"https:\/\/icsvisa.com\/wp-content\/uploads\/2023\/11\/icsvisa-logo-1.png","width":1728,"height":545,"caption":"ICS VISA"},"image":{"@id":"https:\/\/icsvisa.com\/#\/schema\/logo\/image\/"}}]}},"_links":{"self":[{"href":"https:\/\/icsvisa.com\/en\/wp-json\/wp\/v2\/pages\/251","targetHints":{"allow":["GET"]}}],"collection":[{"href":"https:\/\/icsvisa.com\/en\/wp-json\/wp\/v2\/pages"}],"about":[{"href":"https:\/\/icsvisa.com\/en\/wp-json\/wp\/v2\/types\/page"}],"author":[{"embeddable":true,"href":"https:\/\/icsvisa.com\/en\/wp-json\/wp\/v2\/users\/1"}],"replies":[{"embeddable":true,"href":"https:\/\/icsvisa.com\/en\/wp-json\/wp\/v2\/comments?post=251"}],"version-history":[{"count":16,"href":"https:\/\/icsvisa.com\/en\/wp-json\/wp\/v2\/pages\/251\/revisions"}],"predecessor-version":[{"id":5416,"href":"https:\/\/icsvisa.com\/en\/wp-json\/wp\/v2\/pages\/251\/revisions\/5416"}],"wp:attachment":[{"href":"https:\/\/icsvisa.com\/en\/wp-json\/wp\/v2\/media?parent=251"}],"curies":[{"name":"wp","href":"https:\/\/api.w.org\/{rel}","templated":true}]}}