{"id":4379,"date":"2025-02-06T13:52:25","date_gmt":"2025-02-06T10:52:25","guid":{"rendered":"https:\/\/icsvisa.com\/?page_id=4379"},"modified":"2025-02-06T13:55:49","modified_gmt":"2025-02-06T10:55:49","slug":"gizlilik-politikasi","status":"publish","type":"page","link":"https:\/\/icsvisa.com\/en\/gizlilik-politikasi\/","title":{"rendered":"Privacy Policy"},"content":{"rendered":"<div data-elementor-type=\"wp-page\" data-elementor-id=\"4379\" class=\"elementor elementor-4379\">\n\t\t\t\t        <section class=\"elementor-section elementor-top-section elementor-element elementor-element-d0648d9 elementor-section-boxed elementor-section-height-default elementor-section-height-default pxl-row-scroll-none pxl-section-overflow-visible pxl-bg-color-none pxl-section-overlay-none\" data-id=\"d0648d9\" data-element_type=\"section\">\n\n                \n                <div class=\"elementor-container elementor-column-gap-default\">\n                <div class=\"elementor-column elementor-col-100 elementor-top-column elementor-element elementor-element-1d94062c pxl-column-none\" data-id=\"1d94062c\" data-element_type=\"column\">\r\n        <div class=\"elementor-widget-wrap elementor-element-populated\">\r\n                     \r\n        \t\t<div class=\"elementor-element elementor-element-5fd23640 elementor-widget elementor-widget-text-editor\" data-id=\"5fd23640\" data-element_type=\"widget\" data-widget_type=\"text-editor.default\">\n\t\t\t\t<div class=\"elementor-widget-container\">\n\t\t\t\t\t\t\t\t\t\n<p>All information you enter to become a member of our site will not be shared with 3rd party companies or individuals. All information you enter through our site's contact forms will not be shared with 3rd party companies or individuals.<\/p>\n<p>Our website may send campaign information, information about new products, and promotional information to its customers and members from time to time. Our members can make any choice about whether or not to receive such information while becoming a member, and this choice can be changed in the account information section after logging in.<\/p>\n<p>Only you can access and change all the information you provided when you became a member. If you keep your member login information secure, it is not possible for others to access or change information about you.\u00a0<\/p>\n<p>The Buyer is personally responsible for any irregular use, objections, and financial losses and penalties that may arise due to any credit card transactions made by her or a third party on the icsvisa.com website.<\/p>\t\t\t\t\t\t\t\t<\/div>\n\t\t\t\t<\/div>\n\t\t            <\/div>\r\n        <\/div>\r\n        \t\t\t<\/div>\n\t\t<\/section>\n\t\t\t\t<\/div>","protected":false},"excerpt":{"rendered":"<p>Sitemize \u00fcye olmak i\u00e7in girmi\u015f oldu\u011funuz t\u00fcm bilgiler, \u00a03. parti firma veya ki\u015filerle payla\u015f\u0131lmayacakt\u0131r. Sitemiz ileti\u015fim formlar\u0131ndan girmi\u015f oldu\u011funuz t\u00fcm bilgiler, \u00a03. parti firma veya ki\u015filerle payla\u015f\u0131lmayacakt\u0131r. Sitemiz baz\u0131 d\u00f6nemlerde m\u00fc\u015fterilerine ve \u00fcyelerine kampanya bilgileri, yeni \u00fcr\u00fcnler hakk\u0131nda bilgiler, promosyon bilgileri g\u00f6nderebilir. \u00dcyelerimiz bu gibi bilgileri al\u0131p almama konusunda her t\u00fcrl\u00fc se\u00e7imi \u00fcye olurken yapabilir [&hellip;]<\/p>","protected":false},"author":1,"featured_media":0,"parent":0,"menu_order":0,"comment_status":"closed","ping_status":"closed","template":"","meta":{"footnotes":""},"class_list":["post-4379","page","type-page","status-publish","hentry"],"yoast_head":"<!-- This site is optimized with the Yoast SEO plugin v24.6 - https:\/\/yoast.com\/wordpress\/plugins\/seo\/ -->\n<title>Gizlilik Politikas\u0131 - ICS VISA<\/title>\n<meta name=\"robots\" content=\"index, follow, max-snippet:-1, max-image-preview:large, max-video-preview:-1\" \/>\n<link rel=\"canonical\" href=\"https:\/\/icsvisa.com\/en\/gizlilik-politikasi\/\" \/>\n<meta property=\"og:locale\" content=\"en_US\" \/>\n<meta property=\"og:type\" content=\"article\" \/>\n<meta property=\"og:title\" content=\"Gizlilik Politikas\u0131 - ICS VISA\" \/>\n<meta property=\"og:description\" content=\"Sitemize \u00fcye olmak i\u00e7in girmi\u015f oldu\u011funuz t\u00fcm bilgiler, \u00a03. parti firma veya ki\u015filerle payla\u015f\u0131lmayacakt\u0131r. Sitemiz ileti\u015fim formlar\u0131ndan girmi\u015f oldu\u011funuz t\u00fcm bilgiler, \u00a03. parti firma veya ki\u015filerle payla\u015f\u0131lmayacakt\u0131r. Sitemiz baz\u0131 d\u00f6nemlerde m\u00fc\u015fterilerine ve \u00fcyelerine kampanya bilgileri, yeni \u00fcr\u00fcnler hakk\u0131nda bilgiler, promosyon bilgileri g\u00f6nderebilir. \u00dcyelerimiz bu gibi bilgileri al\u0131p almama konusunda her t\u00fcrl\u00fc se\u00e7imi \u00fcye olurken yapabilir [&hellip;]\" \/>\n<meta property=\"og:url\" content=\"https:\/\/icsvisa.com\/en\/gizlilik-politikasi\/\" \/>\n<meta property=\"og:site_name\" content=\"ICS VISA\" \/>\n<meta property=\"article:modified_time\" content=\"2025-02-06T10:55:49+00:00\" \/>\n<meta name=\"twitter:card\" content=\"summary_large_image\" \/>\n<meta name=\"twitter:label1\" content=\"Est. reading time\" \/>\n\t<meta name=\"twitter:data1\" content=\"1 minute\" \/>\n<script type=\"application\/ld+json\" class=\"yoast-schema-graph\">{\"@context\":\"https:\/\/schema.org\",\"@graph\":[{\"@type\":\"WebPage\",\"@id\":\"https:\/\/icsvisa.com\/gizlilik-politikasi\/\",\"url\":\"https:\/\/icsvisa.com\/gizlilik-politikasi\/\",\"name\":\"Gizlilik Politikas\u0131 - ICS VISA\",\"isPartOf\":{\"@id\":\"https:\/\/icsvisa.com\/#website\"},\"datePublished\":\"2025-02-06T10:52:25+00:00\",\"dateModified\":\"2025-02-06T10:55:49+00:00\",\"breadcrumb\":{\"@id\":\"https:\/\/icsvisa.com\/gizlilik-politikasi\/#breadcrumb\"},\"inLanguage\":\"en-US\",\"potentialAction\":[{\"@type\":\"ReadAction\",\"target\":[\"https:\/\/icsvisa.com\/gizlilik-politikasi\/\"]}]},{\"@type\":\"BreadcrumbList\",\"@id\":\"https:\/\/icsvisa.com\/gizlilik-politikasi\/#breadcrumb\",\"itemListElement\":[{\"@type\":\"ListItem\",\"position\":1,\"name\":\"Home\",\"item\":\"https:\/\/icsvisa.com\/\"},{\"@type\":\"ListItem\",\"position\":2,\"name\":\"Gizlilik Politikas\u0131\"}]},{\"@type\":\"WebSite\",\"@id\":\"https:\/\/icsvisa.com\/#website\",\"url\":\"https:\/\/icsvisa.com\/\",\"name\":\"ICS VISA\",\"description\":\"Hayallerinizi \u015eimdi Ger\u00e7ekle\u015ftirin!\",\"publisher\":{\"@id\":\"https:\/\/icsvisa.com\/#organization\"},\"potentialAction\":[{\"@type\":\"SearchAction\",\"target\":{\"@type\":\"EntryPoint\",\"urlTemplate\":\"https:\/\/icsvisa.com\/?s={search_term_string}\"},\"query-input\":{\"@type\":\"PropertyValueSpecification\",\"valueRequired\":true,\"valueName\":\"search_term_string\"}}],\"inLanguage\":\"en-US\"},{\"@type\":\"Organization\",\"@id\":\"https:\/\/icsvisa.com\/#organization\",\"name\":\"ICS VISA\",\"url\":\"https:\/\/icsvisa.com\/\",\"logo\":{\"@type\":\"ImageObject\",\"inLanguage\":\"en-US\",\"@id\":\"https:\/\/icsvisa.com\/#\/schema\/logo\/image\/\",\"url\":\"https:\/\/icsvisa.com\/wp-content\/uploads\/2023\/11\/icsvisa-logo-1.png\",\"contentUrl\":\"https:\/\/icsvisa.com\/wp-content\/uploads\/2023\/11\/icsvisa-logo-1.png\",\"width\":1728,\"height\":545,\"caption\":\"ICS VISA\"},\"image\":{\"@id\":\"https:\/\/icsvisa.com\/#\/schema\/logo\/image\/\"}}]}<\/script>\n<!-- \/ Yoast SEO plugin. -->","yoast_head_json":{"title":"Gizlilik Politikas\u0131 - ICS VISA","robots":{"index":"index","follow":"follow","max-snippet":"max-snippet:-1","max-image-preview":"max-image-preview:large","max-video-preview":"max-video-preview:-1"},"canonical":"https:\/\/icsvisa.com\/en\/gizlilik-politikasi\/","og_locale":"en_US","og_type":"article","og_title":"Gizlilik Politikas\u0131 - ICS VISA","og_description":"Sitemize \u00fcye olmak i\u00e7in girmi\u015f oldu\u011funuz t\u00fcm bilgiler, \u00a03. parti firma veya ki\u015filerle payla\u015f\u0131lmayacakt\u0131r. Sitemiz ileti\u015fim formlar\u0131ndan girmi\u015f oldu\u011funuz t\u00fcm bilgiler, \u00a03. parti firma veya ki\u015filerle payla\u015f\u0131lmayacakt\u0131r. Sitemiz baz\u0131 d\u00f6nemlerde m\u00fc\u015fterilerine ve \u00fcyelerine kampanya bilgileri, yeni \u00fcr\u00fcnler hakk\u0131nda bilgiler, promosyon bilgileri g\u00f6nderebilir. \u00dcyelerimiz bu gibi bilgileri al\u0131p almama konusunda her t\u00fcrl\u00fc se\u00e7imi \u00fcye olurken yapabilir [&hellip;]","og_url":"https:\/\/icsvisa.com\/en\/gizlilik-politikasi\/","og_site_name":"ICS VISA","article_modified_time":"2025-02-06T10:55:49+00:00","twitter_card":"summary_large_image","twitter_misc":{"Est. reading time":"1 minute"},"schema":{"@context":"https:\/\/schema.org","@graph":[{"@type":"WebPage","@id":"https:\/\/icsvisa.com\/gizlilik-politikasi\/","url":"https:\/\/icsvisa.com\/gizlilik-politikasi\/","name":"Gizlilik Politikas\u0131 - ICS VISA","isPartOf":{"@id":"https:\/\/icsvisa.com\/#website"},"datePublished":"2025-02-06T10:52:25+00:00","dateModified":"2025-02-06T10:55:49+00:00","breadcrumb":{"@id":"https:\/\/icsvisa.com\/gizlilik-politikasi\/#breadcrumb"},"inLanguage":"en-US","potentialAction":[{"@type":"ReadAction","target":["https:\/\/icsvisa.com\/gizlilik-politikasi\/"]}]},{"@type":"BreadcrumbList","@id":"https:\/\/icsvisa.com\/gizlilik-politikasi\/#breadcrumb","itemListElement":[{"@type":"ListItem","position":1,"name":"Home","item":"https:\/\/icsvisa.com\/"},{"@type":"ListItem","position":2,"name":"Gizlilik Politikas\u0131"}]},{"@type":"WebSite","@id":"https:\/\/icsvisa.com\/#website","url":"https:\/\/icsvisa.com\/","name":"ICS VISA","description":"Hayallerinizi \u015eimdi Ger\u00e7ekle\u015ftirin!","publisher":{"@id":"https:\/\/icsvisa.com\/#organization"},"potentialAction":[{"@type":"SearchAction","target":{"@type":"EntryPoint","urlTemplate":"https:\/\/icsvisa.com\/?s={search_term_string}"},"query-input":{"@type":"PropertyValueSpecification","valueRequired":true,"valueName":"search_term_string"}}],"inLanguage":"en-US"},{"@type":"Organization","@id":"https:\/\/icsvisa.com\/#organization","name":"ICS VISA","url":"https:\/\/icsvisa.com\/","logo":{"@type":"ImageObject","inLanguage":"en-US","@id":"https:\/\/icsvisa.com\/#\/schema\/logo\/image\/","url":"https:\/\/icsvisa.com\/wp-content\/uploads\/2023\/11\/icsvisa-logo-1.png","contentUrl":"https:\/\/icsvisa.com\/wp-content\/uploads\/2023\/11\/icsvisa-logo-1.png","width":1728,"height":545,"caption":"ICS VISA"},"image":{"@id":"https:\/\/icsvisa.com\/#\/schema\/logo\/image\/"}}]}},"_links":{"self":[{"href":"https:\/\/icsvisa.com\/en\/wp-json\/wp\/v2\/pages\/4379","targetHints":{"allow":["GET"]}}],"collection":[{"href":"https:\/\/icsvisa.com\/en\/wp-json\/wp\/v2\/pages"}],"about":[{"href":"https:\/\/icsvisa.com\/en\/wp-json\/wp\/v2\/types\/page"}],"author":[{"embeddable":true,"href":"https:\/\/icsvisa.com\/en\/wp-json\/wp\/v2\/users\/1"}],"replies":[{"embeddable":true,"href":"https:\/\/icsvisa.com\/en\/wp-json\/wp\/v2\/comments?post=4379"}],"version-history":[{"count":8,"href":"https:\/\/icsvisa.com\/en\/wp-json\/wp\/v2\/pages\/4379\/revisions"}],"predecessor-version":[{"id":4389,"href":"https:\/\/icsvisa.com\/en\/wp-json\/wp\/v2\/pages\/4379\/revisions\/4389"}],"wp:attachment":[{"href":"https:\/\/icsvisa.com\/en\/wp-json\/wp\/v2\/media?parent=4379"}],"curies":[{"name":"wp","href":"https:\/\/api.w.org\/{rel}","templated":true}]}}