{"id":4390,"date":"2025-02-06T13:57:30","date_gmt":"2025-02-06T10:57:30","guid":{"rendered":"https:\/\/icsvisa.com\/?page_id=4390"},"modified":"2025-02-06T13:58:15","modified_gmt":"2025-02-06T10:58:15","slug":"kvkk-bildirimi","status":"publish","type":"page","link":"https:\/\/icsvisa.com\/en\/kvkk-bildirimi\/","title":{"rendered":"KVKK Notification"},"content":{"rendered":"<div data-elementor-type=\"wp-page\" data-elementor-id=\"4390\" class=\"elementor elementor-4390\">\n\t\t\t\t        <section class=\"elementor-section elementor-top-section elementor-element elementor-element-d0648d9 elementor-section-boxed elementor-section-height-default elementor-section-height-default pxl-row-scroll-none pxl-section-overflow-visible pxl-bg-color-none pxl-section-overlay-none\" data-id=\"d0648d9\" data-element_type=\"section\">\n\n                \n                <div class=\"elementor-container elementor-column-gap-default\">\n                <div class=\"elementor-column elementor-col-100 elementor-top-column elementor-element elementor-element-1d94062c pxl-column-none\" data-id=\"1d94062c\" data-element_type=\"column\">\r\n        <div class=\"elementor-widget-wrap elementor-element-populated\">\r\n                     \r\n        \t\t<div class=\"elementor-element elementor-element-5fd23640 elementor-widget elementor-widget-text-editor\" data-id=\"5fd23640\" data-element_type=\"widget\" data-widget_type=\"text-editor.default\">\n\t\t\t\t<div class=\"elementor-widget-container\">\n\t\t\t\t\t\t\t\t\t\n<p>As icsvisa.com, we take the necessary measures as the Data Controller in the stages of preserving, processing and transferring your personal data in accordance with the principle of protecting the privacy of private life and the fundamental rights and freedoms of individuals.<\/p>\n<p>We have prepared our Personal Data Processing Information Text (\u201cInformation Text\u201d) in order to inform the data owner persons regarding the processing, storage and transfer of your personal data within the framework of the Personal Data Protection Law (KVKK) and legal regulations. On this page, you can access all information about our information as the data controller, the purpose for which personal data will be processed, to whom and for what purpose it can be transferred, the method and legal reason for collecting personal data, and your rights listed in the KVKK.<\/p>\n<p>We may make changes to the Information Text if necessary. Any changes made will become valid upon publication.<\/p>\t\t\t\t\t\t\t\t<\/div>\n\t\t\t\t<\/div>\n\t\t            <\/div>\r\n        <\/div>\r\n        \t\t\t<\/div>\n\t\t<\/section>\n\t\t\t\t<\/div>","protected":false},"excerpt":{"rendered":"<p>Ki\u015fisel verilerinizi \u00f6zel hayat\u0131n gizlili\u011fi ve ki\u015filerin temel hak ve \u00f6zg\u00fcrl\u00fcklerinin korunmas\u0131 ilkesine uygun olarak muhafazas\u0131, i\u015flenmesi ve mevzuata uygun olarak aktar\u0131m\u0131 a\u015famalar\u0131nda icsvisa.com olarak Veri Sorumlusu s\u0131fat\u0131 ile gerekli \u00f6nlemleri al\u0131yoruz. Ki\u015fisel Verilerin \u0130\u015flenmesi Ayd\u0131nlatma Metnimizi\u00a0(\u201cAyd\u0131nlatma Metni\u201d) Ki\u015fisel Verilerin Korunmas\u0131 Kanunu (KVKK) ve yasal d\u00fczenlemeler \u00e7er\u00e7evesinde ki\u015fisel verilerinizin i\u015flenmesi, saklanmas\u0131 ve aktar\u0131lmas\u0131na ili\u015fkin veri [&hellip;]<\/p>","protected":false},"author":1,"featured_media":0,"parent":0,"menu_order":0,"comment_status":"closed","ping_status":"closed","template":"","meta":{"footnotes":""},"class_list":["post-4390","page","type-page","status-publish","hentry"],"yoast_head":"<!-- This site is optimized with the Yoast SEO plugin v24.6 - https:\/\/yoast.com\/wordpress\/plugins\/seo\/ -->\n<title>KVKK Bildirimi - ICS VISA<\/title>\n<meta name=\"robots\" content=\"index, follow, max-snippet:-1, max-image-preview:large, max-video-preview:-1\" \/>\n<link rel=\"canonical\" href=\"https:\/\/icsvisa.com\/en\/kvkk-bildirimi\/\" \/>\n<meta property=\"og:locale\" content=\"en_US\" \/>\n<meta property=\"og:type\" content=\"article\" \/>\n<meta property=\"og:title\" content=\"KVKK Bildirimi - ICS VISA\" \/>\n<meta property=\"og:description\" content=\"Ki\u015fisel verilerinizi \u00f6zel hayat\u0131n gizlili\u011fi ve ki\u015filerin temel hak ve \u00f6zg\u00fcrl\u00fcklerinin korunmas\u0131 ilkesine uygun olarak muhafazas\u0131, i\u015flenmesi ve mevzuata uygun olarak aktar\u0131m\u0131 a\u015famalar\u0131nda icsvisa.com olarak Veri Sorumlusu s\u0131fat\u0131 ile gerekli \u00f6nlemleri al\u0131yoruz. Ki\u015fisel Verilerin \u0130\u015flenmesi Ayd\u0131nlatma Metnimizi\u00a0(\u201cAyd\u0131nlatma Metni\u201d) Ki\u015fisel Verilerin Korunmas\u0131 Kanunu (KVKK) ve yasal d\u00fczenlemeler \u00e7er\u00e7evesinde ki\u015fisel verilerinizin i\u015flenmesi, saklanmas\u0131 ve aktar\u0131lmas\u0131na ili\u015fkin veri [&hellip;]\" \/>\n<meta property=\"og:url\" content=\"https:\/\/icsvisa.com\/en\/kvkk-bildirimi\/\" \/>\n<meta property=\"og:site_name\" content=\"ICS VISA\" \/>\n<meta property=\"article:modified_time\" content=\"2025-02-06T10:58:15+00:00\" \/>\n<meta name=\"twitter:card\" content=\"summary_large_image\" \/>\n<meta name=\"twitter:label1\" content=\"Est. reading time\" \/>\n\t<meta name=\"twitter:data1\" content=\"1 minute\" \/>\n<script type=\"application\/ld+json\" class=\"yoast-schema-graph\">{\"@context\":\"https:\/\/schema.org\",\"@graph\":[{\"@type\":\"WebPage\",\"@id\":\"https:\/\/icsvisa.com\/kvkk-bildirimi\/\",\"url\":\"https:\/\/icsvisa.com\/kvkk-bildirimi\/\",\"name\":\"KVKK Bildirimi - ICS VISA\",\"isPartOf\":{\"@id\":\"https:\/\/icsvisa.com\/#website\"},\"datePublished\":\"2025-02-06T10:57:30+00:00\",\"dateModified\":\"2025-02-06T10:58:15+00:00\",\"breadcrumb\":{\"@id\":\"https:\/\/icsvisa.com\/kvkk-bildirimi\/#breadcrumb\"},\"inLanguage\":\"en-US\",\"potentialAction\":[{\"@type\":\"ReadAction\",\"target\":[\"https:\/\/icsvisa.com\/kvkk-bildirimi\/\"]}]},{\"@type\":\"BreadcrumbList\",\"@id\":\"https:\/\/icsvisa.com\/kvkk-bildirimi\/#breadcrumb\",\"itemListElement\":[{\"@type\":\"ListItem\",\"position\":1,\"name\":\"Home\",\"item\":\"https:\/\/icsvisa.com\/\"},{\"@type\":\"ListItem\",\"position\":2,\"name\":\"KVKK Bildirimi\"}]},{\"@type\":\"WebSite\",\"@id\":\"https:\/\/icsvisa.com\/#website\",\"url\":\"https:\/\/icsvisa.com\/\",\"name\":\"ICS VISA\",\"description\":\"Hayallerinizi \u015eimdi Ger\u00e7ekle\u015ftirin!\",\"publisher\":{\"@id\":\"https:\/\/icsvisa.com\/#organization\"},\"potentialAction\":[{\"@type\":\"SearchAction\",\"target\":{\"@type\":\"EntryPoint\",\"urlTemplate\":\"https:\/\/icsvisa.com\/?s={search_term_string}\"},\"query-input\":{\"@type\":\"PropertyValueSpecification\",\"valueRequired\":true,\"valueName\":\"search_term_string\"}}],\"inLanguage\":\"en-US\"},{\"@type\":\"Organization\",\"@id\":\"https:\/\/icsvisa.com\/#organization\",\"name\":\"ICS VISA\",\"url\":\"https:\/\/icsvisa.com\/\",\"logo\":{\"@type\":\"ImageObject\",\"inLanguage\":\"en-US\",\"@id\":\"https:\/\/icsvisa.com\/#\/schema\/logo\/image\/\",\"url\":\"https:\/\/icsvisa.com\/wp-content\/uploads\/2023\/11\/icsvisa-logo-1.png\",\"contentUrl\":\"https:\/\/icsvisa.com\/wp-content\/uploads\/2023\/11\/icsvisa-logo-1.png\",\"width\":1728,\"height\":545,\"caption\":\"ICS VISA\"},\"image\":{\"@id\":\"https:\/\/icsvisa.com\/#\/schema\/logo\/image\/\"}}]}<\/script>\n<!-- \/ Yoast SEO plugin. -->","yoast_head_json":{"title":"KVKK Bildirimi - ICS VISA","robots":{"index":"index","follow":"follow","max-snippet":"max-snippet:-1","max-image-preview":"max-image-preview:large","max-video-preview":"max-video-preview:-1"},"canonical":"https:\/\/icsvisa.com\/en\/kvkk-bildirimi\/","og_locale":"en_US","og_type":"article","og_title":"KVKK Bildirimi - ICS VISA","og_description":"Ki\u015fisel verilerinizi \u00f6zel hayat\u0131n gizlili\u011fi ve ki\u015filerin temel hak ve \u00f6zg\u00fcrl\u00fcklerinin korunmas\u0131 ilkesine uygun olarak muhafazas\u0131, i\u015flenmesi ve mevzuata uygun olarak aktar\u0131m\u0131 a\u015famalar\u0131nda icsvisa.com olarak Veri Sorumlusu s\u0131fat\u0131 ile gerekli \u00f6nlemleri al\u0131yoruz. Ki\u015fisel Verilerin \u0130\u015flenmesi Ayd\u0131nlatma Metnimizi\u00a0(\u201cAyd\u0131nlatma Metni\u201d) Ki\u015fisel Verilerin Korunmas\u0131 Kanunu (KVKK) ve yasal d\u00fczenlemeler \u00e7er\u00e7evesinde ki\u015fisel verilerinizin i\u015flenmesi, saklanmas\u0131 ve aktar\u0131lmas\u0131na ili\u015fkin veri [&hellip;]","og_url":"https:\/\/icsvisa.com\/en\/kvkk-bildirimi\/","og_site_name":"ICS VISA","article_modified_time":"2025-02-06T10:58:15+00:00","twitter_card":"summary_large_image","twitter_misc":{"Est. reading time":"1 minute"},"schema":{"@context":"https:\/\/schema.org","@graph":[{"@type":"WebPage","@id":"https:\/\/icsvisa.com\/kvkk-bildirimi\/","url":"https:\/\/icsvisa.com\/kvkk-bildirimi\/","name":"KVKK Bildirimi - ICS VISA","isPartOf":{"@id":"https:\/\/icsvisa.com\/#website"},"datePublished":"2025-02-06T10:57:30+00:00","dateModified":"2025-02-06T10:58:15+00:00","breadcrumb":{"@id":"https:\/\/icsvisa.com\/kvkk-bildirimi\/#breadcrumb"},"inLanguage":"en-US","potentialAction":[{"@type":"ReadAction","target":["https:\/\/icsvisa.com\/kvkk-bildirimi\/"]}]},{"@type":"BreadcrumbList","@id":"https:\/\/icsvisa.com\/kvkk-bildirimi\/#breadcrumb","itemListElement":[{"@type":"ListItem","position":1,"name":"Home","item":"https:\/\/icsvisa.com\/"},{"@type":"ListItem","position":2,"name":"KVKK Bildirimi"}]},{"@type":"WebSite","@id":"https:\/\/icsvisa.com\/#website","url":"https:\/\/icsvisa.com\/","name":"ICS VISA","description":"Hayallerinizi \u015eimdi Ger\u00e7ekle\u015ftirin!","publisher":{"@id":"https:\/\/icsvisa.com\/#organization"},"potentialAction":[{"@type":"SearchAction","target":{"@type":"EntryPoint","urlTemplate":"https:\/\/icsvisa.com\/?s={search_term_string}"},"query-input":{"@type":"PropertyValueSpecification","valueRequired":true,"valueName":"search_term_string"}}],"inLanguage":"en-US"},{"@type":"Organization","@id":"https:\/\/icsvisa.com\/#organization","name":"ICS VISA","url":"https:\/\/icsvisa.com\/","logo":{"@type":"ImageObject","inLanguage":"en-US","@id":"https:\/\/icsvisa.com\/#\/schema\/logo\/image\/","url":"https:\/\/icsvisa.com\/wp-content\/uploads\/2023\/11\/icsvisa-logo-1.png","contentUrl":"https:\/\/icsvisa.com\/wp-content\/uploads\/2023\/11\/icsvisa-logo-1.png","width":1728,"height":545,"caption":"ICS VISA"},"image":{"@id":"https:\/\/icsvisa.com\/#\/schema\/logo\/image\/"}}]}},"_links":{"self":[{"href":"https:\/\/icsvisa.com\/en\/wp-json\/wp\/v2\/pages\/4390","targetHints":{"allow":["GET"]}}],"collection":[{"href":"https:\/\/icsvisa.com\/en\/wp-json\/wp\/v2\/pages"}],"about":[{"href":"https:\/\/icsvisa.com\/en\/wp-json\/wp\/v2\/types\/page"}],"author":[{"embeddable":true,"href":"https:\/\/icsvisa.com\/en\/wp-json\/wp\/v2\/users\/1"}],"replies":[{"embeddable":true,"href":"https:\/\/icsvisa.com\/en\/wp-json\/wp\/v2\/comments?post=4390"}],"version-history":[{"count":4,"href":"https:\/\/icsvisa.com\/en\/wp-json\/wp\/v2\/pages\/4390\/revisions"}],"predecessor-version":[{"id":4396,"href":"https:\/\/icsvisa.com\/en\/wp-json\/wp\/v2\/pages\/4390\/revisions\/4396"}],"wp:attachment":[{"href":"https:\/\/icsvisa.com\/en\/wp-json\/wp\/v2\/media?parent=4390"}],"curies":[{"name":"wp","href":"https:\/\/api.w.org\/{rel}","templated":true}]}}