{"id":4391,"date":"2025-02-06T13:57:16","date_gmt":"2025-02-06T10:57:16","guid":{"rendered":"https:\/\/icsvisa.com\/?page_id=4391"},"modified":"2025-02-06T13:58:35","modified_gmt":"2025-02-06T10:58:35","slug":"cerez-politikasi","status":"publish","type":"page","link":"https:\/\/icsvisa.com\/en\/cerez-politikasi\/","title":{"rendered":"Cookie Policy"},"content":{"rendered":"<div data-elementor-type=\"wp-page\" data-elementor-id=\"4391\" class=\"elementor elementor-4391\">\n\t\t\t\t        <section class=\"elementor-section elementor-top-section elementor-element elementor-element-d0648d9 elementor-section-boxed elementor-section-height-default elementor-section-height-default pxl-row-scroll-none pxl-section-overflow-visible pxl-bg-color-none pxl-section-overlay-none\" data-id=\"d0648d9\" data-element_type=\"section\">\n\n                \n                <div class=\"elementor-container elementor-column-gap-default\">\n                <div class=\"elementor-column elementor-col-100 elementor-top-column elementor-element elementor-element-1d94062c pxl-column-none\" data-id=\"1d94062c\" data-element_type=\"column\">\r\n        <div class=\"elementor-widget-wrap elementor-element-populated\">\r\n                     \r\n        \t\t<div class=\"elementor-element elementor-element-5fd23640 elementor-widget elementor-widget-text-editor\" data-id=\"5fd23640\" data-element_type=\"widget\" data-widget_type=\"text-editor.default\">\n\t\t\t\t<div class=\"elementor-widget-container\">\n\t\t\t\t\t\t\t\t\t\n<p>Each time you visit our website, information showing your access and usage is collected using various data acquisition tools or relevant technologies by third parties operating on our behalf and account in order to make our website useful, effective and secure and to provide you with better service.<\/p>\n<p><strong>What is a Cookie?\u00a0<\/strong><\/p>\n<p>Cookies are very small text files, usually consisting of letters and numbers, that are stored in users' browsers when a web page is visited. It keeps a record of what people search for on websites in the browser history. It allows a website to use the site by keeping browser records of their movements. Cookies can be likened to identity cards that show websites that the same visitor has visited the site again. Cookies do not contain personal data such as name, gender or address of visitors. For more detailed information on cookies, you can visit www.aboutcookies.org and www.allaboutcookies.org.<\/p>\n<p><strong>Types of Cookies and Their Purposes of Use\u00a0<\/strong><\/p>\n<p>Cookies managed by the site owner are called Website Cookies. Apart from this, third party Cookies managed by different companies can also be used. While session Cookies are deleted when the visitor leaves the website, persistent Cookies remain on visitors' devices for varying periods. Technical Cookies, verification Cookies, targeting\/advertising Cookies, personalisation Cookies and analytical Cookies are Cookies that we can vary according to the purpose of use. Cookies can be used to perform the basic functions required for the operation of the website, to analyse the website and increase its performance, to increase the functionality of the website and provide ease of use, and to carry out personalisation, targeting and advertising activities.<\/p>\n<p><strong>Managing Cookie Preferences<\/strong><\/p>\n<p>Your preferences regarding which personal data will be collected during the process of using our Rund-A Website are extremely important to us. However, it is not possible to manage preferences regarding Cookies, which are mandatory for the operation of the website. In addition, we would like to remind you that various functions of the Website may not work if some Cookies are disabled. Information on how you can manage preferences regarding Cookies on our Website while using our Website is as follows: You have the right to personalize your preferences by changing the settings of the browser you use to view our Website. If the browser you use offers this option, it is possible to change preferences regarding Cookies via your browser settings. Thus, although it may vary depending on the possibilities offered by the browser, data owners have the opportunity to prevent the use of Cookies, prefer to receive a warning before a Cookie is used, or only disable or delete certain Cookies. Preferences in this regard vary depending on the browser you use, and you can access the general explanation at https:\/\/www.aboutcookies.org\/ . Your preferences regarding Cookies may need to be made separately for each device you use to access our Website.<\/p>\t\t\t\t\t\t\t\t<\/div>\n\t\t\t\t<\/div>\n\t\t            <\/div>\r\n        <\/div>\r\n        \t\t\t<\/div>\n\t\t<\/section>\n\t\t\t\t<\/div>","protected":false},"excerpt":{"rendered":"<p>Web sitemizi her ziyaretinizde eri\u015fim ve kullan\u0131mlar\u0131n\u0131z\u0131 g\u00f6steren bilgiler sitemizi kullan\u0131\u015fl\u0131, etkili, g\u00fcvenli hale getirmek ve size daha iyi hizmet verebilmek amac\u0131yla \u00e7e\u015fitli veri elde etme ara\u00e7lar\u0131 ile veya bizim ad ve hesab\u0131m\u0131za faaliyet g\u00f6steren \u00fc\u00e7\u00fcnc\u00fc ki\u015filer taraf\u0131ndan ilgili teknolojiler kullan\u0131larak verileriniz toplan\u0131r. \u00c7erez (\u201cCookie\u201d) Nedir?\u00a0 \u00c7erezler, bir web sayfas\u0131 ziyaret edildi\u011fi zaman taray\u0131c\u0131lardaki kullan\u0131c\u0131lar\u0131n [&hellip;]<\/p>","protected":false},"author":1,"featured_media":0,"parent":0,"menu_order":0,"comment_status":"closed","ping_status":"closed","template":"","meta":{"footnotes":""},"class_list":["post-4391","page","type-page","status-publish","hentry"],"yoast_head":"<!-- This site is optimized with the Yoast SEO plugin v24.6 - https:\/\/yoast.com\/wordpress\/plugins\/seo\/ -->\n<title>\u00c7erez Politikas\u0131 - ICS VISA<\/title>\n<meta name=\"robots\" content=\"index, follow, max-snippet:-1, max-image-preview:large, max-video-preview:-1\" \/>\n<link rel=\"canonical\" href=\"https:\/\/icsvisa.com\/en\/cerez-politikasi\/\" \/>\n<meta property=\"og:locale\" content=\"en_US\" \/>\n<meta property=\"og:type\" content=\"article\" \/>\n<meta property=\"og:title\" content=\"\u00c7erez Politikas\u0131 - ICS VISA\" \/>\n<meta property=\"og:description\" content=\"Web sitemizi her ziyaretinizde eri\u015fim ve kullan\u0131mlar\u0131n\u0131z\u0131 g\u00f6steren bilgiler sitemizi kullan\u0131\u015fl\u0131, etkili, g\u00fcvenli hale getirmek ve size daha iyi hizmet verebilmek amac\u0131yla \u00e7e\u015fitli veri elde etme ara\u00e7lar\u0131 ile veya bizim ad ve hesab\u0131m\u0131za faaliyet g\u00f6steren \u00fc\u00e7\u00fcnc\u00fc ki\u015filer taraf\u0131ndan ilgili teknolojiler kullan\u0131larak verileriniz toplan\u0131r. \u00c7erez (\u201cCookie\u201d) Nedir?\u00a0 \u00c7erezler, bir web sayfas\u0131 ziyaret edildi\u011fi zaman taray\u0131c\u0131lardaki kullan\u0131c\u0131lar\u0131n [&hellip;]\" \/>\n<meta property=\"og:url\" content=\"https:\/\/icsvisa.com\/en\/cerez-politikasi\/\" \/>\n<meta property=\"og:site_name\" content=\"ICS VISA\" \/>\n<meta property=\"article:modified_time\" content=\"2025-02-06T10:58:35+00:00\" \/>\n<meta name=\"twitter:card\" content=\"summary_large_image\" \/>\n<meta name=\"twitter:label1\" content=\"Est. reading time\" \/>\n\t<meta name=\"twitter:data1\" content=\"3 minutes\" \/>\n<script type=\"application\/ld+json\" class=\"yoast-schema-graph\">{\"@context\":\"https:\/\/schema.org\",\"@graph\":[{\"@type\":\"WebPage\",\"@id\":\"https:\/\/icsvisa.com\/cerez-politikasi\/\",\"url\":\"https:\/\/icsvisa.com\/cerez-politikasi\/\",\"name\":\"\u00c7erez Politikas\u0131 - ICS VISA\",\"isPartOf\":{\"@id\":\"https:\/\/icsvisa.com\/#website\"},\"datePublished\":\"2025-02-06T10:57:16+00:00\",\"dateModified\":\"2025-02-06T10:58:35+00:00\",\"breadcrumb\":{\"@id\":\"https:\/\/icsvisa.com\/cerez-politikasi\/#breadcrumb\"},\"inLanguage\":\"en-US\",\"potentialAction\":[{\"@type\":\"ReadAction\",\"target\":[\"https:\/\/icsvisa.com\/cerez-politikasi\/\"]}]},{\"@type\":\"BreadcrumbList\",\"@id\":\"https:\/\/icsvisa.com\/cerez-politikasi\/#breadcrumb\",\"itemListElement\":[{\"@type\":\"ListItem\",\"position\":1,\"name\":\"Home\",\"item\":\"https:\/\/icsvisa.com\/\"},{\"@type\":\"ListItem\",\"position\":2,\"name\":\"\u00c7erez Politikas\u0131\"}]},{\"@type\":\"WebSite\",\"@id\":\"https:\/\/icsvisa.com\/#website\",\"url\":\"https:\/\/icsvisa.com\/\",\"name\":\"ICS VISA\",\"description\":\"Hayallerinizi \u015eimdi Ger\u00e7ekle\u015ftirin!\",\"publisher\":{\"@id\":\"https:\/\/icsvisa.com\/#organization\"},\"potentialAction\":[{\"@type\":\"SearchAction\",\"target\":{\"@type\":\"EntryPoint\",\"urlTemplate\":\"https:\/\/icsvisa.com\/?s={search_term_string}\"},\"query-input\":{\"@type\":\"PropertyValueSpecification\",\"valueRequired\":true,\"valueName\":\"search_term_string\"}}],\"inLanguage\":\"en-US\"},{\"@type\":\"Organization\",\"@id\":\"https:\/\/icsvisa.com\/#organization\",\"name\":\"ICS VISA\",\"url\":\"https:\/\/icsvisa.com\/\",\"logo\":{\"@type\":\"ImageObject\",\"inLanguage\":\"en-US\",\"@id\":\"https:\/\/icsvisa.com\/#\/schema\/logo\/image\/\",\"url\":\"https:\/\/icsvisa.com\/wp-content\/uploads\/2023\/11\/icsvisa-logo-1.png\",\"contentUrl\":\"https:\/\/icsvisa.com\/wp-content\/uploads\/2023\/11\/icsvisa-logo-1.png\",\"width\":1728,\"height\":545,\"caption\":\"ICS VISA\"},\"image\":{\"@id\":\"https:\/\/icsvisa.com\/#\/schema\/logo\/image\/\"}}]}<\/script>\n<!-- \/ Yoast SEO plugin. -->","yoast_head_json":{"title":"\u00c7erez Politikas\u0131 - ICS VISA","robots":{"index":"index","follow":"follow","max-snippet":"max-snippet:-1","max-image-preview":"max-image-preview:large","max-video-preview":"max-video-preview:-1"},"canonical":"https:\/\/icsvisa.com\/en\/cerez-politikasi\/","og_locale":"en_US","og_type":"article","og_title":"\u00c7erez Politikas\u0131 - ICS VISA","og_description":"Web sitemizi her ziyaretinizde eri\u015fim ve kullan\u0131mlar\u0131n\u0131z\u0131 g\u00f6steren bilgiler sitemizi kullan\u0131\u015fl\u0131, etkili, g\u00fcvenli hale getirmek ve size daha iyi hizmet verebilmek amac\u0131yla \u00e7e\u015fitli veri elde etme ara\u00e7lar\u0131 ile veya bizim ad ve hesab\u0131m\u0131za faaliyet g\u00f6steren \u00fc\u00e7\u00fcnc\u00fc ki\u015filer taraf\u0131ndan ilgili teknolojiler kullan\u0131larak verileriniz toplan\u0131r. \u00c7erez (\u201cCookie\u201d) Nedir?\u00a0 \u00c7erezler, bir web sayfas\u0131 ziyaret edildi\u011fi zaman taray\u0131c\u0131lardaki kullan\u0131c\u0131lar\u0131n [&hellip;]","og_url":"https:\/\/icsvisa.com\/en\/cerez-politikasi\/","og_site_name":"ICS VISA","article_modified_time":"2025-02-06T10:58:35+00:00","twitter_card":"summary_large_image","twitter_misc":{"Est. reading time":"3 minutes"},"schema":{"@context":"https:\/\/schema.org","@graph":[{"@type":"WebPage","@id":"https:\/\/icsvisa.com\/cerez-politikasi\/","url":"https:\/\/icsvisa.com\/cerez-politikasi\/","name":"\u00c7erez Politikas\u0131 - ICS VISA","isPartOf":{"@id":"https:\/\/icsvisa.com\/#website"},"datePublished":"2025-02-06T10:57:16+00:00","dateModified":"2025-02-06T10:58:35+00:00","breadcrumb":{"@id":"https:\/\/icsvisa.com\/cerez-politikasi\/#breadcrumb"},"inLanguage":"en-US","potentialAction":[{"@type":"ReadAction","target":["https:\/\/icsvisa.com\/cerez-politikasi\/"]}]},{"@type":"BreadcrumbList","@id":"https:\/\/icsvisa.com\/cerez-politikasi\/#breadcrumb","itemListElement":[{"@type":"ListItem","position":1,"name":"Home","item":"https:\/\/icsvisa.com\/"},{"@type":"ListItem","position":2,"name":"\u00c7erez Politikas\u0131"}]},{"@type":"WebSite","@id":"https:\/\/icsvisa.com\/#website","url":"https:\/\/icsvisa.com\/","name":"ICS VISA","description":"Hayallerinizi \u015eimdi Ger\u00e7ekle\u015ftirin!","publisher":{"@id":"https:\/\/icsvisa.com\/#organization"},"potentialAction":[{"@type":"SearchAction","target":{"@type":"EntryPoint","urlTemplate":"https:\/\/icsvisa.com\/?s={search_term_string}"},"query-input":{"@type":"PropertyValueSpecification","valueRequired":true,"valueName":"search_term_string"}}],"inLanguage":"en-US"},{"@type":"Organization","@id":"https:\/\/icsvisa.com\/#organization","name":"ICS VISA","url":"https:\/\/icsvisa.com\/","logo":{"@type":"ImageObject","inLanguage":"en-US","@id":"https:\/\/icsvisa.com\/#\/schema\/logo\/image\/","url":"https:\/\/icsvisa.com\/wp-content\/uploads\/2023\/11\/icsvisa-logo-1.png","contentUrl":"https:\/\/icsvisa.com\/wp-content\/uploads\/2023\/11\/icsvisa-logo-1.png","width":1728,"height":545,"caption":"ICS VISA"},"image":{"@id":"https:\/\/icsvisa.com\/#\/schema\/logo\/image\/"}}]}},"_links":{"self":[{"href":"https:\/\/icsvisa.com\/en\/wp-json\/wp\/v2\/pages\/4391","targetHints":{"allow":["GET"]}}],"collection":[{"href":"https:\/\/icsvisa.com\/en\/wp-json\/wp\/v2\/pages"}],"about":[{"href":"https:\/\/icsvisa.com\/en\/wp-json\/wp\/v2\/types\/page"}],"author":[{"embeddable":true,"href":"https:\/\/icsvisa.com\/en\/wp-json\/wp\/v2\/users\/1"}],"replies":[{"embeddable":true,"href":"https:\/\/icsvisa.com\/en\/wp-json\/wp\/v2\/comments?post=4391"}],"version-history":[{"count":4,"href":"https:\/\/icsvisa.com\/en\/wp-json\/wp\/v2\/pages\/4391\/revisions"}],"predecessor-version":[{"id":4399,"href":"https:\/\/icsvisa.com\/en\/wp-json\/wp\/v2\/pages\/4391\/revisions\/4399"}],"wp:attachment":[{"href":"https:\/\/icsvisa.com\/en\/wp-json\/wp\/v2\/media?parent=4391"}],"curies":[{"name":"wp","href":"https:\/\/api.w.org\/{rel}","templated":true}]}}