{"id":5532,"date":"2025-03-01T16:28:59","date_gmt":"2025-03-01T13:28:59","guid":{"rendered":"https:\/\/icsvisa.com\/?page_id=5532"},"modified":"2025-03-12T15:33:37","modified_gmt":"2025-03-12T12:33:37","slug":"yurtdisi-dil-okullari","status":"publish","type":"page","link":"https:\/\/icsvisa.com\/en\/yurtdisi-dil-okullari\/","title":{"rendered":"Foreign Language Schools"},"content":{"rendered":"<div data-elementor-type=\"wp-page\" data-elementor-id=\"5532\" class=\"elementor elementor-5532\">\n\t\t\t\t        <section class=\"elementor-section elementor-top-section elementor-element elementor-element-c505b58 elementor-section-stretched elementor-section-boxed elementor-section-height-default elementor-section-height-default pxl-row-scroll-none pxl-section-overflow-visible pxl-bg-color-none pxl-section-overlay-none\" data-id=\"c505b58\" data-element_type=\"section\" data-settings=\"{&quot;stretch_section&quot;:&quot;section-stretched&quot;}\">\n\n                \n                <div class=\"elementor-container elementor-column-gap-extended\">\n                <div class=\"elementor-column elementor-col-100 elementor-top-column elementor-element elementor-element-b402415 pxl-column-none\" data-id=\"b402415\" data-element_type=\"column\">\r\n        <div class=\"elementor-widget-wrap elementor-element-populated\">\r\n                     \r\n            \t\t<div class=\"elementor-element elementor-element-00df4dc pxl-post-layout-visa-1 elementor-widget elementor-widget-pxl_post_grid\" data-id=\"00df4dc\" data-element_type=\"widget\" data-widget_type=\"pxl_post_grid.default\">\n\t\t\t\t<div class=\"elementor-widget-container\">\n\t\t\t\t\t\n<div id=\"pxl_post_grid-00df4dc-2688\" class=\"pxl-grid pxl-visa-grid pxl-visa-grid-layout1 pxl-visa-style1 pxl-effect--3d\" data-layout=\"masonry\" data-start-page=\"1\" data-max-pages=\"1\" data-total=\"1\" data-perpage=\"30\" data-next-link=\"\">\n    \n    <div class=\"pxl-grid-inner pxl-grid-masonry row\" data-gutter=\"15\">\n                        <div class=\"pxl-grid-item col-xl-4 col-lg-4 col-md-6 col-sm-6 col-12 yurtdisi-dil-okullari\">\n                    <div class=\"pxl-item--inner\" data-wow-duration=\"1.2s\">\n                        <a href=\"https:\/\/icsvisa.com\/en\/Visa\/avustralya-dil-okullari\/\" title=\"Australian Language Schools\"><\/a>\n                        <div class=\"pxl-item--featured\">\n                            <img fetchpriority=\"high\" decoding=\"async\" class=\"no-lazyload\" src=\"https:\/\/icsvisa.com\/wp-content\/uploads\/2025\/03\/2-Avustralya-Dil-Okullari-420x511.jpg\" width=\"420\" height=\"511\" alt=\"\" title=\"\" \/>                        <\/div>\n                        <div class=\"pxl-item--holder\">\n                                                            <i class=\"caseicon-long-arrow-right-three icon-readmore\"><\/i>\n                                                        <div class=\"pxl-item--meta\">  \n                                                               <div class=\"pxl-item--icon\">\n                                    <i class=\"flaticon flaticon-residential\"><\/i>\n                                <\/div>\n                                                                                    <div class=\"pxl-wrap-content\">\n                                <span class=\"pxl-visa-count\">\n                                    Service 1                                <\/span>\n                                <h3 class=\"pxl-item--title\">Australian Language Schools<\/h3>\n                            <\/div>\n                        <\/div>\n                    <\/div>\n                <\/div>\n            <\/div>\n                        <div class=\"grid-sizer col-xl-4 col-lg-4 col-md-6 col-sm-6 col-12\"><\/div>\n    <\/div>\n            <div class=\"pxl-grid-pagination\" data-loadmore=\"{&quot;post_type&quot;:&quot;visa&quot;,&quot;layout&quot;:&quot;visa-1&quot;,&quot;startPage&quot;:1,&quot;maxPages&quot;:1,&quot;total&quot;:1,&quot;perpage&quot;:30,&quot;nextLink&quot;:&quot;&quot;,&quot;source&quot;:[&quot;yurtdisi-dil-okullari|visa-category&quot;],&quot;orderby&quot;:&quot;date&quot;,&quot;order&quot;:&quot;desc&quot;,&quot;limit&quot;:30,&quot;post_ids&quot;:[],&quot;col_xl&quot;:4,&quot;col_lg&quot;:4,&quot;col_md&quot;:6,&quot;col_sm&quot;:6,&quot;col_xs&quot;:12,&quot;show_button&quot;:&quot;true&quot;,&quot;pagination_type&quot;:&quot;pagination&quot;,&quot;img_size&quot;:&quot;&quot;,&quot;grid_masonry&quot;:&quot;&quot;,&quot;pxl_animate&quot;:&quot;&quot;,&quot;tax&quot;:[&quot;visa-category&quot;]}\" data-query=\"{&quot;post_type&quot;:&quot;visa&quot;,&quot;post_status&quot;:&quot;publish&quot;,&quot;posts_per_page&quot;:30,&quot;order&quot;:&quot;desc&quot;,&quot;orderby&quot;:&quot;date&quot;,&quot;tax_query&quot;:{&quot;relation&quot;:&quot;OR&quot;,&quot;0&quot;:{&quot;taxonomy&quot;:&quot;visa-category&quot;,&quot;field&quot;:&quot;slug&quot;,&quot;operator&quot;:&quot;IN&quot;,&quot;terms&quot;:[&quot;yurtdisi-dil-okullari&quot;]}},&quot;post__not_in&quot;:[5532]}\">\n                    <\/div>\n        <\/div>\t\t\t\t<\/div>\n\t\t\t\t<\/div>\n\t\t            <\/div>\r\n        <\/div>\r\n        \t\t\t<\/div>\n\t\t<\/section>\n\t\t\t\t<\/div>","protected":false},"excerpt":{"rendered":"<p>Service 1 Avustralya Dil Okullar\u0131<\/p>","protected":false},"author":1,"featured_media":0,"parent":0,"menu_order":0,"comment_status":"closed","ping_status":"closed","template":"","meta":{"footnotes":""},"class_list":["post-5532","page","type-page","status-publish","hentry"],"yoast_head":"<!-- This site is optimized with the Yoast SEO plugin v24.6 - https:\/\/yoast.com\/wordpress\/plugins\/seo\/ -->\n<title>Yurtd\u0131\u015f\u0131 Dil Okullar\u0131 - ICS VISA<\/title>\n<meta name=\"description\" content=\"Yurtd\u0131\u015f\u0131 Dil Okullar\u0131 hakk\u0131nda bilgi almak ve hemen ileti\u015fime ge\u00e7mek i\u00e7in t\u0131klay\u0131n.\" \/>\n<meta name=\"robots\" content=\"index, follow, max-snippet:-1, max-image-preview:large, max-video-preview:-1\" \/>\n<link rel=\"canonical\" href=\"https:\/\/icsvisa.com\/en\/yurtdisi-dil-okullari\/\" \/>\n<meta property=\"og:locale\" content=\"en_US\" \/>\n<meta property=\"og:type\" content=\"article\" \/>\n<meta property=\"og:title\" content=\"Yurtd\u0131\u015f\u0131 Dil Okullar\u0131 - ICS VISA\" \/>\n<meta property=\"og:description\" content=\"Yurtd\u0131\u015f\u0131 Dil Okullar\u0131 hakk\u0131nda bilgi almak ve hemen ileti\u015fime ge\u00e7mek i\u00e7in t\u0131klay\u0131n.\" \/>\n<meta property=\"og:url\" content=\"https:\/\/icsvisa.com\/en\/yurtdisi-dil-okullari\/\" \/>\n<meta property=\"og:site_name\" content=\"ICS VISA\" \/>\n<meta property=\"article:modified_time\" content=\"2025-03-12T12:33:37+00:00\" \/>\n<meta property=\"og:image\" content=\"https:\/\/icsvisa.com\/wp-content\/uploads\/2025\/02\/4-Avustralya-Turist-Vizesi-420x511.jpg\" \/>\n<meta name=\"twitter:card\" content=\"summary_large_image\" \/>\n<meta name=\"twitter:label1\" content=\"Est. reading time\" \/>\n\t<meta name=\"twitter:data1\" content=\"1 minute\" \/>\n<script type=\"application\/ld+json\" class=\"yoast-schema-graph\">{\"@context\":\"https:\/\/schema.org\",\"@graph\":[{\"@type\":\"WebPage\",\"@id\":\"https:\/\/icsvisa.com\/yurtdisi-dil-okullari\/\",\"url\":\"https:\/\/icsvisa.com\/yurtdisi-dil-okullari\/\",\"name\":\"Yurtd\u0131\u015f\u0131 Dil Okullar\u0131 - ICS VISA\",\"isPartOf\":{\"@id\":\"https:\/\/icsvisa.com\/#website\"},\"primaryImageOfPage\":{\"@id\":\"https:\/\/icsvisa.com\/yurtdisi-dil-okullari\/#primaryimage\"},\"image\":{\"@id\":\"https:\/\/icsvisa.com\/yurtdisi-dil-okullari\/#primaryimage\"},\"thumbnailUrl\":\"https:\/\/icsvisa.com\/wp-content\/uploads\/2025\/02\/4-Avustralya-Turist-Vizesi-420x511.jpg\",\"datePublished\":\"2025-03-01T13:28:59+00:00\",\"dateModified\":\"2025-03-12T12:33:37+00:00\",\"description\":\"Yurtd\u0131\u015f\u0131 Dil Okullar\u0131 hakk\u0131nda bilgi almak ve hemen ileti\u015fime ge\u00e7mek i\u00e7in t\u0131klay\u0131n.\",\"breadcrumb\":{\"@id\":\"https:\/\/icsvisa.com\/yurtdisi-dil-okullari\/#breadcrumb\"},\"inLanguage\":\"en-US\",\"potentialAction\":[{\"@type\":\"ReadAction\",\"target\":[\"https:\/\/icsvisa.com\/yurtdisi-dil-okullari\/\"]}]},{\"@type\":\"ImageObject\",\"inLanguage\":\"en-US\",\"@id\":\"https:\/\/icsvisa.com\/yurtdisi-dil-okullari\/#primaryimage\",\"url\":\"https:\/\/icsvisa.com\/wp-content\/uploads\/2025\/02\/4-Avustralya-Turist-Vizesi-420x511.jpg\",\"contentUrl\":\"https:\/\/icsvisa.com\/wp-content\/uploads\/2025\/02\/4-Avustralya-Turist-Vizesi-420x511.jpg\"},{\"@type\":\"BreadcrumbList\",\"@id\":\"https:\/\/icsvisa.com\/yurtdisi-dil-okullari\/#breadcrumb\",\"itemListElement\":[{\"@type\":\"ListItem\",\"position\":1,\"name\":\"Home\",\"item\":\"https:\/\/icsvisa.com\/\"},{\"@type\":\"ListItem\",\"position\":2,\"name\":\"Yurtd\u0131\u015f\u0131 Dil Okullar\u0131\"}]},{\"@type\":\"WebSite\",\"@id\":\"https:\/\/icsvisa.com\/#website\",\"url\":\"https:\/\/icsvisa.com\/\",\"name\":\"ICS VISA\",\"description\":\"Hayallerinizi \u015eimdi Ger\u00e7ekle\u015ftirin!\",\"publisher\":{\"@id\":\"https:\/\/icsvisa.com\/#organization\"},\"potentialAction\":[{\"@type\":\"SearchAction\",\"target\":{\"@type\":\"EntryPoint\",\"urlTemplate\":\"https:\/\/icsvisa.com\/?s={search_term_string}\"},\"query-input\":{\"@type\":\"PropertyValueSpecification\",\"valueRequired\":true,\"valueName\":\"search_term_string\"}}],\"inLanguage\":\"en-US\"},{\"@type\":\"Organization\",\"@id\":\"https:\/\/icsvisa.com\/#organization\",\"name\":\"ICS VISA\",\"url\":\"https:\/\/icsvisa.com\/\",\"logo\":{\"@type\":\"ImageObject\",\"inLanguage\":\"en-US\",\"@id\":\"https:\/\/icsvisa.com\/#\/schema\/logo\/image\/\",\"url\":\"https:\/\/icsvisa.com\/wp-content\/uploads\/2023\/11\/icsvisa-logo-1.png\",\"contentUrl\":\"https:\/\/icsvisa.com\/wp-content\/uploads\/2023\/11\/icsvisa-logo-1.png\",\"width\":1728,\"height\":545,\"caption\":\"ICS VISA\"},\"image\":{\"@id\":\"https:\/\/icsvisa.com\/#\/schema\/logo\/image\/\"}}]}<\/script>\n<!-- \/ Yoast SEO plugin. -->","yoast_head_json":{"title":"Yurtd\u0131\u015f\u0131 Dil Okullar\u0131 - ICS VISA","description":"Yurtd\u0131\u015f\u0131 Dil Okullar\u0131 hakk\u0131nda bilgi almak ve hemen ileti\u015fime ge\u00e7mek i\u00e7in t\u0131klay\u0131n.","robots":{"index":"index","follow":"follow","max-snippet":"max-snippet:-1","max-image-preview":"max-image-preview:large","max-video-preview":"max-video-preview:-1"},"canonical":"https:\/\/icsvisa.com\/en\/yurtdisi-dil-okullari\/","og_locale":"en_US","og_type":"article","og_title":"Yurtd\u0131\u015f\u0131 Dil Okullar\u0131 - ICS VISA","og_description":"Yurtd\u0131\u015f\u0131 Dil Okullar\u0131 hakk\u0131nda bilgi almak ve hemen ileti\u015fime ge\u00e7mek i\u00e7in t\u0131klay\u0131n.","og_url":"https:\/\/icsvisa.com\/en\/yurtdisi-dil-okullari\/","og_site_name":"ICS VISA","article_modified_time":"2025-03-12T12:33:37+00:00","og_image":[{"url":"https:\/\/icsvisa.com\/wp-content\/uploads\/2025\/02\/4-Avustralya-Turist-Vizesi-420x511.jpg","type":"","width":"","height":""}],"twitter_card":"summary_large_image","twitter_misc":{"Est. reading time":"1 minute"},"schema":{"@context":"https:\/\/schema.org","@graph":[{"@type":"WebPage","@id":"https:\/\/icsvisa.com\/yurtdisi-dil-okullari\/","url":"https:\/\/icsvisa.com\/yurtdisi-dil-okullari\/","name":"Yurtd\u0131\u015f\u0131 Dil Okullar\u0131 - ICS VISA","isPartOf":{"@id":"https:\/\/icsvisa.com\/#website"},"primaryImageOfPage":{"@id":"https:\/\/icsvisa.com\/yurtdisi-dil-okullari\/#primaryimage"},"image":{"@id":"https:\/\/icsvisa.com\/yurtdisi-dil-okullari\/#primaryimage"},"thumbnailUrl":"https:\/\/icsvisa.com\/wp-content\/uploads\/2025\/02\/4-Avustralya-Turist-Vizesi-420x511.jpg","datePublished":"2025-03-01T13:28:59+00:00","dateModified":"2025-03-12T12:33:37+00:00","description":"Yurtd\u0131\u015f\u0131 Dil Okullar\u0131 hakk\u0131nda bilgi almak ve hemen ileti\u015fime ge\u00e7mek i\u00e7in t\u0131klay\u0131n.","breadcrumb":{"@id":"https:\/\/icsvisa.com\/yurtdisi-dil-okullari\/#breadcrumb"},"inLanguage":"en-US","potentialAction":[{"@type":"ReadAction","target":["https:\/\/icsvisa.com\/yurtdisi-dil-okullari\/"]}]},{"@type":"ImageObject","inLanguage":"en-US","@id":"https:\/\/icsvisa.com\/yurtdisi-dil-okullari\/#primaryimage","url":"https:\/\/icsvisa.com\/wp-content\/uploads\/2025\/02\/4-Avustralya-Turist-Vizesi-420x511.jpg","contentUrl":"https:\/\/icsvisa.com\/wp-content\/uploads\/2025\/02\/4-Avustralya-Turist-Vizesi-420x511.jpg"},{"@type":"BreadcrumbList","@id":"https:\/\/icsvisa.com\/yurtdisi-dil-okullari\/#breadcrumb","itemListElement":[{"@type":"ListItem","position":1,"name":"Home","item":"https:\/\/icsvisa.com\/"},{"@type":"ListItem","position":2,"name":"Yurtd\u0131\u015f\u0131 Dil Okullar\u0131"}]},{"@type":"WebSite","@id":"https:\/\/icsvisa.com\/#website","url":"https:\/\/icsvisa.com\/","name":"ICS VISA","description":"Hayallerinizi \u015eimdi Ger\u00e7ekle\u015ftirin!","publisher":{"@id":"https:\/\/icsvisa.com\/#organization"},"potentialAction":[{"@type":"SearchAction","target":{"@type":"EntryPoint","urlTemplate":"https:\/\/icsvisa.com\/?s={search_term_string}"},"query-input":{"@type":"PropertyValueSpecification","valueRequired":true,"valueName":"search_term_string"}}],"inLanguage":"en-US"},{"@type":"Organization","@id":"https:\/\/icsvisa.com\/#organization","name":"ICS VISA","url":"https:\/\/icsvisa.com\/","logo":{"@type":"ImageObject","inLanguage":"en-US","@id":"https:\/\/icsvisa.com\/#\/schema\/logo\/image\/","url":"https:\/\/icsvisa.com\/wp-content\/uploads\/2023\/11\/icsvisa-logo-1.png","contentUrl":"https:\/\/icsvisa.com\/wp-content\/uploads\/2023\/11\/icsvisa-logo-1.png","width":1728,"height":545,"caption":"ICS VISA"},"image":{"@id":"https:\/\/icsvisa.com\/#\/schema\/logo\/image\/"}}]}},"_links":{"self":[{"href":"https:\/\/icsvisa.com\/en\/wp-json\/wp\/v2\/pages\/5532","targetHints":{"allow":["GET"]}}],"collection":[{"href":"https:\/\/icsvisa.com\/en\/wp-json\/wp\/v2\/pages"}],"about":[{"href":"https:\/\/icsvisa.com\/en\/wp-json\/wp\/v2\/types\/page"}],"author":[{"embeddable":true,"href":"https:\/\/icsvisa.com\/en\/wp-json\/wp\/v2\/users\/1"}],"replies":[{"embeddable":true,"href":"https:\/\/icsvisa.com\/en\/wp-json\/wp\/v2\/comments?post=5532"}],"version-history":[{"count":8,"href":"https:\/\/icsvisa.com\/en\/wp-json\/wp\/v2\/pages\/5532\/revisions"}],"predecessor-version":[{"id":5869,"href":"https:\/\/icsvisa.com\/en\/wp-json\/wp\/v2\/pages\/5532\/revisions\/5869"}],"wp:attachment":[{"href":"https:\/\/icsvisa.com\/en\/wp-json\/wp\/v2\/media?parent=5532"}],"curies":[{"name":"wp","href":"https:\/\/api.w.org\/{rel}","templated":true}]}}