{"id":60,"date":"2023-10-19T06:56:56","date_gmt":"2023-10-19T06:56:56","guid":{"rendered":"https:\/\/demo.bravisthemes.com\/immigway\/?page_id=60"},"modified":"2025-03-01T01:22:34","modified_gmt":"2025-02-28T22:22:34","slug":"iletisim","status":"publish","type":"page","link":"https:\/\/icsvisa.com\/en\/iletisim\/","title":{"rendered":"Contact"},"content":{"rendered":"<div data-elementor-type=\"wp-page\" data-elementor-id=\"60\" class=\"elementor elementor-60\">\n\t\t\t\t        <section class=\"elementor-section elementor-top-section elementor-element elementor-element-73602da elementor-section-stretched elementor-section-boxed elementor-section-height-default elementor-section-height-default pxl-row-scroll-none pxl-section-overflow-visible pxl-bg-color-none pxl-section-overlay-none\" data-id=\"73602da\" data-element_type=\"section\" data-settings=\"{&quot;stretch_section&quot;:&quot;section-stretched&quot;}\">\n\n                \n                <div class=\"elementor-container elementor-column-gap-extended\">\n                <div class=\"elementor-column elementor-col-33 elementor-top-column elementor-element elementor-element-09b29f6 pxl-column-none\" data-id=\"09b29f6\" data-element_type=\"column\">\r\n        <div class=\"elementor-widget-wrap elementor-element-populated\">\r\n                     \r\n            \t\t<div class=\"elementor-element elementor-element-f042a11 elementor-widget elementor-widget-pxl_image_box\" data-id=\"f042a11\" data-element_type=\"widget\" data-widget_type=\"pxl_image_box.default\">\n\t\t\t\t<div class=\"elementor-widget-container\">\n\t\t\t\t\t<div class=\"pxl-image-box pxl-image-box1\" data-wow-delay=\"ms\">\r\n\t<div class=\"pxl-banner-inner\">\r\n\t\t\t\t\t<div class=\"pxl-item--image\">\r\n\t\t\t\t<img fetchpriority=\"high\" decoding=\"async\" width=\"740\" height=\"452\" src=\"https:\/\/icsvisa.com\/wp-content\/uploads\/2025\/02\/mail-1.jpg\" class=\"attachment-full\" alt=\"\" srcset=\"https:\/\/icsvisa.com\/wp-content\/uploads\/2025\/02\/mail-1.jpg 740w, https:\/\/icsvisa.com\/wp-content\/uploads\/2025\/02\/mail-1-600x366.jpg 600w, https:\/\/icsvisa.com\/wp-content\/uploads\/2025\/02\/mail-1-300x183.jpg 300w, https:\/\/icsvisa.com\/wp-content\/uploads\/2025\/02\/mail-1-18x12.jpg 18w\" sizes=\"(max-width: 740px) 100vw, 740px\" \/>\t\t\t<\/div>\r\n\t\t\t\t<div class=\"pxl-item--holder\">\r\n\t\t\t\t            <div class=\"pxl-item--icon\">\r\n\t                <i aria-hidden=\"true\" class=\"flaticon flaticon-mail\"><\/i>\t            <\/div>\r\n\t        \t        \t\t\t\t<h5 class=\"pxl-item--title\">\r\n\t\t\t\t\tE-Mail\t\t\t\t<\/h5>\r\n\t\t\t\t\t\t\t\t\t\t<div class=\"pxl-item--content\">\r\n\t\t\t\t\tinfo@icsvisa.com<br\/>iletisim@icsvisa.com\t\t\t\t<\/div>\r\n\t\t\t\t\t<\/div>\r\n\t<\/div>\r\n<\/div>\t\t\t\t<\/div>\n\t\t\t\t<\/div>\n\t\t            <\/div>\r\n        <\/div>\r\n                <div class=\"elementor-column elementor-col-33 elementor-top-column elementor-element elementor-element-f85ae40 pxl-column-none\" data-id=\"f85ae40\" data-element_type=\"column\">\r\n        <div class=\"elementor-widget-wrap elementor-element-populated\">\r\n                     \r\n        \t\t<div class=\"elementor-element elementor-element-51ca9cb elementor-widget elementor-widget-pxl_image_box\" data-id=\"51ca9cb\" data-element_type=\"widget\" data-widget_type=\"pxl_image_box.default\">\n\t\t\t\t<div class=\"elementor-widget-container\">\n\t\t\t\t\t<div class=\"pxl-image-box pxl-image-box1\" data-wow-delay=\"ms\">\r\n\t<div class=\"pxl-banner-inner\">\r\n\t\t\t\t\t<div class=\"pxl-item--image\">\r\n\t\t\t\t<img decoding=\"async\" width=\"740\" height=\"452\" src=\"https:\/\/icsvisa.com\/wp-content\/uploads\/2025\/02\/telefon-1.jpg\" class=\"attachment-full\" alt=\"\" srcset=\"https:\/\/icsvisa.com\/wp-content\/uploads\/2025\/02\/telefon-1.jpg 740w, https:\/\/icsvisa.com\/wp-content\/uploads\/2025\/02\/telefon-1-600x366.jpg 600w, https:\/\/icsvisa.com\/wp-content\/uploads\/2025\/02\/telefon-1-300x183.jpg 300w, https:\/\/icsvisa.com\/wp-content\/uploads\/2025\/02\/telefon-1-18x12.jpg 18w\" sizes=\"(max-width: 740px) 100vw, 740px\" \/>\t\t\t<\/div>\r\n\t\t\t\t<div class=\"pxl-item--holder\">\r\n\t\t\t\t            <div class=\"pxl-item--icon\">\r\n\t                <i aria-hidden=\"true\" class=\"flaticon flaticon-telephone-call\"><\/i>\t            <\/div>\r\n\t        \t        \t\t\t\t<h5 class=\"pxl-item--title\">\r\n\t\t\t\t\tPhone\t\t\t\t<\/h5>\r\n\t\t\t\t\t\t\t\t\t\t<div class=\"pxl-item--content\">\r\n\t\t\t\t\t0850 840 90 67<br\/>\n0530 010 38 10\t\t\t\t<\/div>\r\n\t\t\t\t\t<\/div>\r\n\t<\/div>\r\n<\/div>\t\t\t\t<\/div>\n\t\t\t\t<\/div>\n\t\t            <\/div>\r\n        <\/div>\r\n                <div class=\"elementor-column elementor-col-33 elementor-top-column elementor-element elementor-element-5560dff pxl-column-none\" data-id=\"5560dff\" data-element_type=\"column\">\r\n        <div class=\"elementor-widget-wrap elementor-element-populated\">\r\n                     \r\n        \t\t<div class=\"elementor-element elementor-element-38fe767 elementor-widget elementor-widget-pxl_image_box\" data-id=\"38fe767\" data-element_type=\"widget\" data-widget_type=\"pxl_image_box.default\">\n\t\t\t\t<div class=\"elementor-widget-container\">\n\t\t\t\t\t<div class=\"pxl-image-box pxl-image-box1\" data-wow-delay=\"ms\">\r\n\t<div class=\"pxl-banner-inner\">\r\n\t\t\t\t\t<div class=\"pxl-item--image\">\r\n\t\t\t\t<img decoding=\"async\" width=\"740\" height=\"452\" src=\"https:\/\/icsvisa.com\/wp-content\/uploads\/2025\/02\/adres-1.jpg\" class=\"attachment-full\" alt=\"\" srcset=\"https:\/\/icsvisa.com\/wp-content\/uploads\/2025\/02\/adres-1.jpg 740w, https:\/\/icsvisa.com\/wp-content\/uploads\/2025\/02\/adres-1-600x366.jpg 600w, https:\/\/icsvisa.com\/wp-content\/uploads\/2025\/02\/adres-1-300x183.jpg 300w, https:\/\/icsvisa.com\/wp-content\/uploads\/2025\/02\/adres-1-18x12.jpg 18w\" sizes=\"(max-width: 740px) 100vw, 740px\" \/>\t\t\t<\/div>\r\n\t\t\t\t<div class=\"pxl-item--holder\">\r\n\t\t\t\t            <div class=\"pxl-item--icon\">\r\n\t                <i aria-hidden=\"true\" class=\"flaticon flaticon-residential\"><\/i>\t            <\/div>\r\n\t        \t        \t\t\t\t<h5 class=\"pxl-item--title\">\r\n\t\t\t\t\tAddress\t\t\t\t<\/h5>\r\n\t\t\t\t\t\t\t\t\t\t<div class=\"pxl-item--content\">\r\n\t\t\t\t\tNefes Plaza, Ba\u011fdat Cd., No:268-270, Kat:1, Z07, Maltepe\/\u0130stanbul\t\t\t\t<\/div>\r\n\t\t\t\t\t<\/div>\r\n\t<\/div>\r\n<\/div>\t\t\t\t<\/div>\n\t\t\t\t<\/div>\n\t\t            <\/div>\r\n        <\/div>\r\n        \t\t\t<\/div>\n\t\t<\/section>\n\t\t        <section class=\"elementor-section elementor-top-section elementor-element elementor-element-c33b999 elementor-section-stretched elementor-section-boxed elementor-section-height-default elementor-section-height-default pxl-row-scroll-none pxl-section-overflow-visible pxl-bg-color-none pxl-section-overlay-none\" data-id=\"c33b999\" data-element_type=\"section\" data-settings=\"{&quot;stretch_section&quot;:&quot;section-stretched&quot;}\">\n\n                \n                <div class=\"elementor-container elementor-column-gap-extended\">\n                <div class=\"elementor-column elementor-col-100 elementor-top-column elementor-element elementor-element-0f738ac pxl-column-none\" data-id=\"0f738ac\" data-element_type=\"column\" data-settings=\"{&quot;background_background&quot;:&quot;classic&quot;}\">\r\n        <div class=\"elementor-widget-wrap elementor-element-populated\">\r\n                     \r\n                <section class=\"elementor-section elementor-inner-section elementor-element elementor-element-43d9931 elementor-section-boxed elementor-section-height-default elementor-section-height-default pxl-row-scroll-none pxl-section-overflow-visible pxl-bg-color-none pxl-section-overlay-none\" data-id=\"43d9931\" data-element_type=\"section\" data-settings=\"{&quot;background_background&quot;:&quot;classic&quot;}\">\n\n                \n                <div class=\"elementor-container elementor-column-gap-extended\">\n                <div class=\"elementor-column elementor-col-100 elementor-inner-column elementor-element elementor-element-af3cd5c pxl-column-none\" data-id=\"af3cd5c\" data-element_type=\"column\">\r\n        <div class=\"elementor-widget-wrap elementor-element-populated\">\r\n                     \r\n        \t\t<div class=\"elementor-element elementor-element-c383065 elementor-widget elementor-widget-pxl_heading\" data-id=\"c383065\" data-element_type=\"widget\" data-widget_type=\"pxl_heading.default\">\n\t\t\t\t<div class=\"elementor-widget-container\">\n\t\t\t\t\t<div id=\"pxl-pxl_heading-c383065-9853\" class=\"pxl-heading px-sub-title-under-style\">\n\t<div class=\"pxl-heading--inner\">\n\t\t\n\t\t\n\t\t<h3 class=\"pxl-item--title\" data-wow-delay=\"ms\">\n\t\tContact Form\t\t\n\t\t<\/h3>\n\n\t\t\t\t\t<div class=\"pxl-item--subtitle px-sub-title-under\" data-wow-delay=\"ms\">\n\t\t\t\t<span class=\"pxl-item--subtext\">\n\t\t\t\t\tYou can easily reach us using the contact form below and get information by sending your questions. \t\t\t\t<\/span>\n\t\t\t<\/div>\n\t\t\n\t\t\t\t\t<div class=\"px-divider--wrap\">\n\t\t\t\t<div class=\"px-title--divider px-title--divider1\">\n\t\t\t\t\t<span><\/span>\n\t\t\t\t<\/div>\n\t\t\t<\/div>\n\t\t\n\t\t\t\t\t\t\t\t\n\t<\/div>\n<\/div>\t\t\t\t<\/div>\n\t\t\t\t<\/div>\n\t\t\t\t<div class=\"elementor-element elementor-element-6e3e640 elementor-widget__width-auto elementor-widget elementor-widget-pxl_contact_form\" data-id=\"6e3e640\" data-element_type=\"widget\" data-widget_type=\"pxl_contact_form.default\">\n\t\t\t\t<div class=\"elementor-widget-container\">\n\t\t\t\t\t    <div class=\"pxl-contact-form pxl-contact-form1 btn-w-auto\" data-wow-delay=\"ms\">\r\n        \n<div class=\"wpcf7 no-js\" id=\"wpcf7-f897-o1\" lang=\"en-US\" dir=\"ltr\" data-wpcf7-id=\"897\">\n<div class=\"screen-reader-response\"><p role=\"status\" aria-live=\"polite\" aria-atomic=\"true\"><\/p> <ul><\/ul><\/div>\n<form action=\"\/en\/wp-json\/wp\/v2\/pages\/60#wpcf7-f897-o1\" method=\"post\" class=\"wpcf7-form init\" aria-label=\"Contact form\" novalidate=\"novalidate\" data-status=\"init\" data-trp-original-action=\"\/en\/wp-json\/wp\/v2\/pages\/60#wpcf7-f897-o1\">\n<div style=\"display: none;\">\n<input type=\"hidden\" name=\"_wpcf7\" value=\"897\" \/>\n<input type=\"hidden\" name=\"_wpcf7_version\" value=\"6.0.2\" \/>\n<input type=\"hidden\" name=\"_wpcf7_locale\" value=\"en_US\" \/>\n<input type=\"hidden\" name=\"_wpcf7_unit_tag\" value=\"wpcf7-f897-o1\" \/>\n<input type=\"hidden\" name=\"_wpcf7_container_post\" value=\"0\" \/>\n<input type=\"hidden\" name=\"_wpcf7_posted_data_hash\" value=\"\" \/>\n<\/div>\n<div class=\"row\">\n\t<div class=\"col-lg-6 col-md-6 col-sm-12\">\n\t\t<div class=\"pxl--item\">\n\t\t\t<p><span class=\"wpcf7-form-control-wrap\" data-name=\"your-name\"><input size=\"40\" maxlength=\"400\" class=\"wpcf7-form-control wpcf7-text wpcf7-validates-as-required\" aria-required=\"true\" aria-invalid=\"false\" placeholder=\"Name Surname*\" value=\"\" type=\"text\" name=\"your-name\" \/><\/span>\n\t\t\t<\/p>\n\t\t<\/div>\n\t<\/div>\n\t<div class=\"col-lg-6 col-md-6 col-sm-12\">\n\t\t<div class=\"pxl--item\">\n\t\t\t<p><span class=\"wpcf7-form-control-wrap\" data-name=\"your-phone\"><input size=\"40\" maxlength=\"400\" class=\"wpcf7-form-control wpcf7-text wpcf7-validates-as-required\" aria-required=\"true\" aria-invalid=\"false\" placeholder=\"Phone*\" value=\"\" type=\"text\" name=\"your-phone\" \/><\/span>\n\t\t\t<\/p>\n\t\t<\/div>\n\t<\/div>\n<\/div>\n<div class=\"row\">\n\t<div class=\"col-lg-6 col-md-6 col-sm-12\">\n\t\t<div class=\"pxl--item\">\n\t\t\t<p><span class=\"wpcf7-form-control-wrap\" data-name=\"your-email\"><input size=\"40\" maxlength=\"400\" class=\"wpcf7-form-control wpcf7-email wpcf7-validates-as-required wpcf7-text wpcf7-validates-as-email\" aria-required=\"true\" aria-invalid=\"false\" placeholder=\"E-mail*\" value=\"\" type=\"email\" name=\"your-email\" \/><\/span>\n\t\t\t<\/p>\n\t\t<\/div>\n\t<\/div>\n\t<div class=\"col-lg-6 col-md-6 col-sm-12\">\n\t\t<div class=\"pxl--item\">\n\t\t\t<p><span class=\"wpcf7-form-control-wrap\" data-name=\"your-subject\"><input size=\"40\" maxlength=\"400\" class=\"wpcf7-form-control wpcf7-text wpcf7-validates-as-required\" aria-required=\"true\" aria-invalid=\"false\" placeholder=\"Subject*\" value=\"\" type=\"text\" name=\"your-subject\" \/><\/span>\n\t\t\t<\/p>\n\t\t<\/div>\n\t<\/div>\n<\/div>\n<div class=\"pxl--item\">\n\t<p><span class=\"wpcf7-form-control-wrap\" data-name=\"your-message\"><textarea cols=\"40\" rows=\"10\" maxlength=\"2000\" class=\"wpcf7-form-control wpcf7-textarea wpcf7-validates-as-required\" aria-required=\"true\" aria-invalid=\"false\" placeholder=\"Your message*\" name=\"your-message\"><\/textarea><\/span>\n\t<\/p>\n<\/div>\n<div class=\"pxl--item pxl-text-center\">\n\t<p><button type=\"submit\" class=\"wpcf7-submit btn btn-skew\"><span>Send<\/span><\/button>\n\t<\/p>\n<\/div><div class=\"wpcf7-response-output\" aria-hidden=\"true\"><\/div>\n<input type=\"hidden\" name=\"trp-form-language\" value=\"en\"\/><\/form>\n<\/div>\n    <\/div>\r\n\t\t\t\t<\/div>\n\t\t\t\t<\/div>\n\t\t            <\/div>\r\n        <\/div>\r\n        \t\t\t<\/div>\n\t\t<\/section>\n\t\t            <\/div>\r\n        <\/div>\r\n        \t\t\t<\/div>\n\t\t<\/section>\n\t\t        <section class=\"elementor-section elementor-top-section elementor-element elementor-element-4b040a0 elementor-section-boxed elementor-section-height-default elementor-section-height-default pxl-row-scroll-none pxl-section-overflow-visible pxl-bg-color-none pxl-section-overlay-none\" data-id=\"4b040a0\" data-element_type=\"section\">\n\n                \n                <div class=\"elementor-container elementor-column-gap-default\">\n                <div class=\"elementor-column elementor-col-100 elementor-top-column elementor-element elementor-element-dfb47a6 pxl-column-none\" data-id=\"dfb47a6\" data-element_type=\"column\">\r\n        <div class=\"elementor-widget-wrap elementor-element-populated\">\r\n                     \r\n        \t\t<div class=\"elementor-element elementor-element-ef09014 elementor-widget elementor-widget-html\" data-id=\"ef09014\" data-element_type=\"widget\" data-widget_type=\"html.default\">\n\t\t\t\t<div class=\"elementor-widget-container\">\n\t\t\t\t\t<iframe src=\"https:\/\/www.google.com\/maps\/embed?pb=!1m18!1m12!1m3!1d2759.0678595145887!2d29.125752700000003!3d40.93386!2m3!1f0!2f0!3f0!3m2!1i1024!2i768!4f13.1!3m3!1m2!1s0x14cac74815699ed5%3A0x6367c0305a4fd728!2sICS%20VISA%20Immigration%20%26%20Consultancy%20Services!5e1!3m2!1str!2str!4v1740781343259!5m2!1str!2str\" width=\"1800\" height=\"600\" style=\"border:0;\" allowfullscreen=\"\" loading=\"lazy\" referrerpolicy=\"no-referrer-when-downgrade\"><\/iframe>\t\t\t\t<\/div>\n\t\t\t\t<\/div>\n\t\t            <\/div>\r\n        <\/div>\r\n        \t\t\t<\/div>\n\t\t<\/section>\n\t\t\t\t<\/div>","protected":false},"excerpt":{"rendered":"<p>E-Mail info@icsvisa.comiletisim@icsvisa.com Telefon 0850 840 90 67 0530 010 38 10 Adres Nefes Plaza, Ba\u011fdat Cd., No:268-270, Kat:1, Z07, Maltepe\/\u0130stanbul \u0130leti\u015fim Formu A\u015fa\u011f\u0131daki ileti\u015fim formundan bizlere kolayca ula\u015fabilir ve sorular\u0131n\u0131z ileterek bilgi alabilirsiniz. G\u00f6nder<\/p>","protected":false},"author":1,"featured_media":0,"parent":0,"menu_order":0,"comment_status":"closed","ping_status":"closed","template":"","meta":{"footnotes":""},"class_list":["post-60","page","type-page","status-publish","hentry"],"yoast_head":"<!-- This site is optimized with the Yoast SEO plugin v24.6 - https:\/\/yoast.com\/wordpress\/plugins\/seo\/ -->\n<title>\u0130leti\u015fim - ICS VISA<\/title>\n<meta name=\"robots\" content=\"index, follow, max-snippet:-1, max-image-preview:large, max-video-preview:-1\" \/>\n<link rel=\"canonical\" href=\"https:\/\/icsvisa.com\/en\/iletisim\/\" \/>\n<meta property=\"og:locale\" content=\"en_US\" \/>\n<meta property=\"og:type\" content=\"article\" \/>\n<meta property=\"og:title\" content=\"\u0130leti\u015fim - ICS VISA\" \/>\n<meta property=\"og:description\" content=\"E-Mail info@icsvisa.comiletisim@icsvisa.com Telefon 0850 840 90 67 0530 010 38 10 Adres Nefes Plaza, Ba\u011fdat Cd., No:268-270, Kat:1, Z07, Maltepe\/\u0130stanbul \u0130leti\u015fim Formu A\u015fa\u011f\u0131daki ileti\u015fim formundan bizlere kolayca ula\u015fabilir ve sorular\u0131n\u0131z ileterek bilgi alabilirsiniz. G\u00f6nder\" \/>\n<meta property=\"og:url\" content=\"https:\/\/icsvisa.com\/en\/iletisim\/\" \/>\n<meta property=\"og:site_name\" content=\"ICS VISA\" \/>\n<meta property=\"article:modified_time\" content=\"2025-02-28T22:22:34+00:00\" \/>\n<meta property=\"og:image\" content=\"https:\/\/icsvisa.com\/wp-content\/uploads\/2025\/02\/mail-1.jpg\" \/>\n<meta name=\"twitter:card\" content=\"summary_large_image\" \/>\n<script type=\"application\/ld+json\" class=\"yoast-schema-graph\">{\"@context\":\"https:\/\/schema.org\",\"@graph\":[{\"@type\":\"WebPage\",\"@id\":\"https:\/\/icsvisa.com\/iletisim\/\",\"url\":\"https:\/\/icsvisa.com\/iletisim\/\",\"name\":\"\u0130leti\u015fim - ICS VISA\",\"isPartOf\":{\"@id\":\"https:\/\/icsvisa.com\/#website\"},\"primaryImageOfPage\":{\"@id\":\"https:\/\/icsvisa.com\/iletisim\/#primaryimage\"},\"image\":{\"@id\":\"https:\/\/icsvisa.com\/iletisim\/#primaryimage\"},\"thumbnailUrl\":\"https:\/\/icsvisa.com\/wp-content\/uploads\/2025\/02\/mail-1.jpg\",\"datePublished\":\"2023-10-19T06:56:56+00:00\",\"dateModified\":\"2025-02-28T22:22:34+00:00\",\"breadcrumb\":{\"@id\":\"https:\/\/icsvisa.com\/iletisim\/#breadcrumb\"},\"inLanguage\":\"en-US\",\"potentialAction\":[{\"@type\":\"ReadAction\",\"target\":[\"https:\/\/icsvisa.com\/iletisim\/\"]}]},{\"@type\":\"ImageObject\",\"inLanguage\":\"en-US\",\"@id\":\"https:\/\/icsvisa.com\/iletisim\/#primaryimage\",\"url\":\"https:\/\/icsvisa.com\/wp-content\/uploads\/2025\/02\/mail-1.jpg\",\"contentUrl\":\"https:\/\/icsvisa.com\/wp-content\/uploads\/2025\/02\/mail-1.jpg\"},{\"@type\":\"BreadcrumbList\",\"@id\":\"https:\/\/icsvisa.com\/iletisim\/#breadcrumb\",\"itemListElement\":[{\"@type\":\"ListItem\",\"position\":1,\"name\":\"Home\",\"item\":\"https:\/\/icsvisa.com\/\"},{\"@type\":\"ListItem\",\"position\":2,\"name\":\"\u0130leti\u015fim\"}]},{\"@type\":\"WebSite\",\"@id\":\"https:\/\/icsvisa.com\/#website\",\"url\":\"https:\/\/icsvisa.com\/\",\"name\":\"ICS VISA\",\"description\":\"Hayallerinizi \u015eimdi Ger\u00e7ekle\u015ftirin!\",\"publisher\":{\"@id\":\"https:\/\/icsvisa.com\/#organization\"},\"potentialAction\":[{\"@type\":\"SearchAction\",\"target\":{\"@type\":\"EntryPoint\",\"urlTemplate\":\"https:\/\/icsvisa.com\/?s={search_term_string}\"},\"query-input\":{\"@type\":\"PropertyValueSpecification\",\"valueRequired\":true,\"valueName\":\"search_term_string\"}}],\"inLanguage\":\"en-US\"},{\"@type\":\"Organization\",\"@id\":\"https:\/\/icsvisa.com\/#organization\",\"name\":\"ICS VISA\",\"url\":\"https:\/\/icsvisa.com\/\",\"logo\":{\"@type\":\"ImageObject\",\"inLanguage\":\"en-US\",\"@id\":\"https:\/\/icsvisa.com\/#\/schema\/logo\/image\/\",\"url\":\"https:\/\/icsvisa.com\/wp-content\/uploads\/2023\/11\/icsvisa-logo-1.png\",\"contentUrl\":\"https:\/\/icsvisa.com\/wp-content\/uploads\/2023\/11\/icsvisa-logo-1.png\",\"width\":1728,\"height\":545,\"caption\":\"ICS VISA\"},\"image\":{\"@id\":\"https:\/\/icsvisa.com\/#\/schema\/logo\/image\/\"}}]}<\/script>\n<!-- \/ Yoast SEO plugin. -->","yoast_head_json":{"title":"\u0130leti\u015fim - ICS VISA","robots":{"index":"index","follow":"follow","max-snippet":"max-snippet:-1","max-image-preview":"max-image-preview:large","max-video-preview":"max-video-preview:-1"},"canonical":"https:\/\/icsvisa.com\/en\/iletisim\/","og_locale":"en_US","og_type":"article","og_title":"\u0130leti\u015fim - ICS VISA","og_description":"E-Mail info@icsvisa.comiletisim@icsvisa.com Telefon 0850 840 90 67 0530 010 38 10 Adres Nefes Plaza, Ba\u011fdat Cd., No:268-270, Kat:1, Z07, Maltepe\/\u0130stanbul \u0130leti\u015fim Formu A\u015fa\u011f\u0131daki ileti\u015fim formundan bizlere kolayca ula\u015fabilir ve sorular\u0131n\u0131z ileterek bilgi alabilirsiniz. G\u00f6nder","og_url":"https:\/\/icsvisa.com\/en\/iletisim\/","og_site_name":"ICS VISA","article_modified_time":"2025-02-28T22:22:34+00:00","og_image":[{"url":"https:\/\/icsvisa.com\/wp-content\/uploads\/2025\/02\/mail-1.jpg","type":"","width":"","height":""}],"twitter_card":"summary_large_image","schema":{"@context":"https:\/\/schema.org","@graph":[{"@type":"WebPage","@id":"https:\/\/icsvisa.com\/iletisim\/","url":"https:\/\/icsvisa.com\/iletisim\/","name":"\u0130leti\u015fim - ICS VISA","isPartOf":{"@id":"https:\/\/icsvisa.com\/#website"},"primaryImageOfPage":{"@id":"https:\/\/icsvisa.com\/iletisim\/#primaryimage"},"image":{"@id":"https:\/\/icsvisa.com\/iletisim\/#primaryimage"},"thumbnailUrl":"https:\/\/icsvisa.com\/wp-content\/uploads\/2025\/02\/mail-1.jpg","datePublished":"2023-10-19T06:56:56+00:00","dateModified":"2025-02-28T22:22:34+00:00","breadcrumb":{"@id":"https:\/\/icsvisa.com\/iletisim\/#breadcrumb"},"inLanguage":"en-US","potentialAction":[{"@type":"ReadAction","target":["https:\/\/icsvisa.com\/iletisim\/"]}]},{"@type":"ImageObject","inLanguage":"en-US","@id":"https:\/\/icsvisa.com\/iletisim\/#primaryimage","url":"https:\/\/icsvisa.com\/wp-content\/uploads\/2025\/02\/mail-1.jpg","contentUrl":"https:\/\/icsvisa.com\/wp-content\/uploads\/2025\/02\/mail-1.jpg"},{"@type":"BreadcrumbList","@id":"https:\/\/icsvisa.com\/iletisim\/#breadcrumb","itemListElement":[{"@type":"ListItem","position":1,"name":"Home","item":"https:\/\/icsvisa.com\/"},{"@type":"ListItem","position":2,"name":"\u0130leti\u015fim"}]},{"@type":"WebSite","@id":"https:\/\/icsvisa.com\/#website","url":"https:\/\/icsvisa.com\/","name":"ICS VISA","description":"Hayallerinizi \u015eimdi Ger\u00e7ekle\u015ftirin!","publisher":{"@id":"https:\/\/icsvisa.com\/#organization"},"potentialAction":[{"@type":"SearchAction","target":{"@type":"EntryPoint","urlTemplate":"https:\/\/icsvisa.com\/?s={search_term_string}"},"query-input":{"@type":"PropertyValueSpecification","valueRequired":true,"valueName":"search_term_string"}}],"inLanguage":"en-US"},{"@type":"Organization","@id":"https:\/\/icsvisa.com\/#organization","name":"ICS VISA","url":"https:\/\/icsvisa.com\/","logo":{"@type":"ImageObject","inLanguage":"en-US","@id":"https:\/\/icsvisa.com\/#\/schema\/logo\/image\/","url":"https:\/\/icsvisa.com\/wp-content\/uploads\/2023\/11\/icsvisa-logo-1.png","contentUrl":"https:\/\/icsvisa.com\/wp-content\/uploads\/2023\/11\/icsvisa-logo-1.png","width":1728,"height":545,"caption":"ICS VISA"},"image":{"@id":"https:\/\/icsvisa.com\/#\/schema\/logo\/image\/"}}]}},"_links":{"self":[{"href":"https:\/\/icsvisa.com\/en\/wp-json\/wp\/v2\/pages\/60","targetHints":{"allow":["GET"]}}],"collection":[{"href":"https:\/\/icsvisa.com\/en\/wp-json\/wp\/v2\/pages"}],"about":[{"href":"https:\/\/icsvisa.com\/en\/wp-json\/wp\/v2\/types\/page"}],"author":[{"embeddable":true,"href":"https:\/\/icsvisa.com\/en\/wp-json\/wp\/v2\/users\/1"}],"replies":[{"embeddable":true,"href":"https:\/\/icsvisa.com\/en\/wp-json\/wp\/v2\/comments?post=60"}],"version-history":[{"count":19,"href":"https:\/\/icsvisa.com\/en\/wp-json\/wp\/v2\/pages\/60\/revisions"}],"predecessor-version":[{"id":5480,"href":"https:\/\/icsvisa.com\/en\/wp-json\/wp\/v2\/pages\/60\/revisions\/5480"}],"wp:attachment":[{"href":"https:\/\/icsvisa.com\/en\/wp-json\/wp\/v2\/media?parent=60"}],"curies":[{"name":"wp","href":"https:\/\/api.w.org\/{rel}","templated":true}]}}